{"id":160,"date":"2023-05-18T03:39:52","date_gmt":"2023-05-18T03:39:52","guid":{"rendered":"https:\/\/talaneco.com\/?page_id=160"},"modified":"2023-06-16T00:02:01","modified_gmt":"2023-06-16T00:02:01","slug":"german-language-level-a2","status":"publish","type":"page","link":"https:\/\/talaneco.com\/fr\/courses\/german-language-level-a2\/","title":{"rendered":"German &#8211; Level A2"},"content":{"rendered":"<div class=\"wp-block-uagb-container uagb-block-6870ce30 alignfull uagb-is-root-container\"><div class=\"uagb-container-inner-blocks-wrap\">\n<div class=\"wp-block-uagb-container uagb-block-c556bfbe\">\n<div class=\"wp-block-uagb-advanced-heading uagb-block-5a16fe7c\"><h1 class=\"uagb-heading-text\">Langue allemande<\/h1><\/div>\n\n\n\n<div class=\"wp-block-uagb-advanced-heading uagb-block-1172ba88\"><h2 class=\"uagb-heading-text\">Niveau A2<\/h2><\/div>\n<\/div>\n<\/div><\/div>\n\n\n\n<div class=\"wp-block-uagb-container uagb-block-1f6490d2 alignfull uagb-is-root-container\"><div class=\"uagb-container-inner-blocks-wrap\">\n<div class=\"wp-block-uagb-container uagb-block-bd5f451e\">\n<div class=\"wp-block-uagb-advanced-heading uagb-block-32418161\"><h2 class=\"uagb-heading-text\">Devenir plus familier avec l'allemand<\/h2><\/div>\n\n\n\n<p style=\"margin-top:0;margin-right:0;margin-bottom:0;margin-left:0\">Le certificat Goethe A2 est un examen d'allemand qui exige des comp\u00e9tences linguistiques de base (par exemple, A1). Il confirme les comp\u00e9tences linguistiques de base avanc\u00e9es au deuxi\u00e8me niveau (A2) de l'\u00e9chelle de comp\u00e9tence \u00e0 six niveaux du Cadre europ\u00e9en commun de r\u00e9f\u00e9rence pour les langues (CECR).<\/p>\n\n\n\n<p style=\"margin-top:0;margin-right:0;margin-bottom:0;margin-left:0\">Dans nos cours, vous d\u00e9velopperez des connaissances de base avanc\u00e9es de la langue allemande et serez en mesure de comprendre et d'utiliser des phrases et des expressions fr\u00e9quemment utilis\u00e9es dans des situations quotidiennes pour communiquer et \u00e9changer des informations sur votre parcours et votre \u00e9ducation, votre environnement imm\u00e9diat et les choses li\u00e9es \u00e0 vos besoins imm\u00e9diats.<\/p>\n\n\n\n<p style=\"margin-top:0;margin-right:0;margin-bottom:0;margin-left:0\">Le certificat Goethe A2 est le mieux adapt\u00e9 si vous vous pr\u00e9parez \u00e0 \u00e9tudier et \u00e0 vivre en Allemagne.<\/p>\n\n\n\n<div class=\"wp-block-uagb-container uagb-block-d711de93\">\n<div class=\"wp-block-uagb-container uagb-block-c3860288\">\n<div class=\"wp-block-uagb-container uagb-block-e8d0d9d7\">\n<div class=\"wp-block-uagb-advanced-heading uagb-block-bd820b26\"><h1 class=\"uagb-heading-text\">A2.1<\/h1><\/div>\n<\/div>\n\n\n\n<p><\/p>\n\n\n\n<ul class=\"has-small-font-size\" style=\"margin-top:0;margin-right:0;margin-bottom:0;margin-left:0\">\n<li style=\"font-size:13px\"><strong>31.07.2023 &#8211; 18.09.2023<\/strong><\/li>\n\n\n\n<li style=\"font-size:13px\">Lun, Mer: 13:30 \u2013 18:00<\/li>\n\n\n\n<li style=\"font-size:13px\">Frais: 2.000 MAD<\/li>\n<\/ul>\n\n\n\n<p><\/p>\n\n\n\n<div class=\"wp-block-uagb-buttons uagb-buttons__outer-wrap uagb-btn__default-btn uagb-btn-tablet__default-btn uagb-btn-mobile__default-btn uagb-block-4c10764e\"><div class=\"uagb-buttons__wrap uagb-buttons-layout-wrap\">\n<div class=\"wp-block-uagb-buttons-child uagb-buttons__outer-wrap uagb-block-e6e94d56 wp-block-button\"><div class=\"uagb-button__wrapper\"><a class=\"uagb-buttons-repeater wp-block-button__link has-background has-text-color\" href=\"https:\/\/talaneco.com\/fr\/contact\/\" onclick=\"return true;\" rel=\"follow noopener\" target=\"_self\"><div class=\"uagb-button__link\">Je m'inscris<\/div><\/a><\/div><\/div>\n<\/div><\/div>\n<\/div>\n\n\n\n<div class=\"wp-block-uagb-container uagb-block-df0604f3\">\n<div class=\"wp-block-columns is-layout-flex wp-container-2\">\n<div class=\"wp-block-column is-layout-flow\">\n<div class=\"wp-block-uagb-advanced-heading uagb-block-d8266670\"><h5 class=\"uagb-heading-text\">Ce que vous apprendrez dans le module A2.1<\/h5><\/div>\n\n\n\n<p>Dans notre cours A2.1, vous continuerez \u00e0 d\u00e9velopper vos connaissances et comp\u00e9tences de base en allemand. Vous enrichirez votre vocabulaire, apprendrez des structures grammaticales plus complexes et d\u00e9velopperez votre capacit\u00e9 \u00e0 communiquer dans diff\u00e9rentes situations de la vie quotidienne. \u00c0 ce niveau, vous pourrez vous exprimer en termes simples, participer \u00e0 de courtes conversations et comprendre des textes basiques.<\/p>\n<\/div>\n<\/div>\n<\/div>\n<\/div>\n\n\n\n<div class=\"wp-block-uagb-container uagb-block-51df3984\">\n<div class=\"wp-block-uagb-container uagb-block-80410901\">\n<div class=\"wp-block-uagb-container uagb-block-8abe50a8\">\n<div class=\"wp-block-uagb-advanced-heading uagb-block-f306630c\"><h1 class=\"uagb-heading-text\">A2.2<\/h1><\/div>\n<\/div>\n\n\n\n<p><\/p>\n\n\n\n<ul class=\"has-small-font-size\" style=\"margin-top:0;margin-right:0;margin-bottom:0;margin-left:0\">\n<li style=\"font-size:13px\"><strong>20.09.2023 &#8211; 08.11.2023<\/strong><\/li>\n\n\n\n<li style=\"font-size:13px\">Lun, Mer: 13:30 \u2013 18:00<\/li>\n\n\n\n<li style=\"font-size:13px\">Frais: 2.000 MAD<\/li>\n<\/ul>\n\n\n\n<p><\/p>\n\n\n\n<div class=\"wp-block-uagb-buttons uagb-buttons__outer-wrap uagb-btn__default-btn uagb-btn-tablet__default-btn uagb-btn-mobile__default-btn uagb-block-ad711009\"><div class=\"uagb-buttons__wrap uagb-buttons-layout-wrap\">\n<div class=\"wp-block-uagb-buttons-child uagb-buttons__outer-wrap uagb-block-c08c6ad3 wp-block-button\"><div class=\"uagb-button__wrapper\"><a class=\"uagb-buttons-repeater wp-block-button__link has-background has-text-color\" href=\"https:\/\/talaneco.com\/fr\/contact\/\" onclick=\"return true;\" rel=\"follow noopener\" target=\"_self\"><div class=\"uagb-button__link\">Je m'inscris<\/div><\/a><\/div><\/div>\n<\/div><\/div>\n<\/div>\n\n\n\n<div class=\"wp-block-uagb-container uagb-block-1996dec1\">\n<div class=\"wp-block-columns is-layout-flex wp-container-4\">\n<div class=\"wp-block-column is-layout-flow\">\n<div class=\"wp-block-uagb-advanced-heading uagb-block-5b0d2ab0\"><h5 class=\"uagb-heading-text\">Ce que vous apprendrez dans le module A2.2<\/h5><\/div>\n\n\n\n<p>Notre cours A2.2 renforcera davantage vos connaissances et comp\u00e9tences en allemand. Vous apprendrez davantage de vocabulaire et de concepts grammaticaux, ce qui vous permettra de communiquer dans une plus grande vari\u00e9t\u00e9 de situations. \u00c0 ce niveau, vous pourrez engager des conversations plus longues, comprendre des textes plus d\u00e9taill\u00e9s et exprimer vos opinions sur des sujets familiers.<\/p>\n<\/div>\n<\/div>\n<\/div>\n<\/div>\n\n\n\n<div class=\"wp-block-uagb-container uagb-block-154de363\">\n<div class=\"wp-block-uagb-container uagb-block-c0a98883\">\n<div class=\"wp-block-uagb-container uagb-block-7368e7a5\">\n<div class=\"wp-block-uagb-advanced-heading uagb-block-d07de665\"><h1 class=\"uagb-heading-text\">A2.3<\/h1><\/div>\n<\/div>\n\n\n\n<p><\/p>\n\n\n\n<ul class=\"has-small-font-size\" style=\"margin-top:0;margin-right:0;margin-bottom:0;margin-left:0\">\n<li style=\"font-size:13px\"><strong>13.11.2023 &#8211; 08.01.2024<\/strong><\/li>\n\n\n\n<li style=\"font-size:13px\">Lun, Mer: 13:30 \u2013 18:00<\/li>\n\n\n\n<li style=\"font-size:13px\">Frais: 2.000 MAD<\/li>\n<\/ul>\n\n\n\n<p><\/p>\n\n\n\n<div class=\"wp-block-uagb-buttons uagb-buttons__outer-wrap uagb-btn__default-btn uagb-btn-tablet__default-btn uagb-btn-mobile__default-btn uagb-block-02b624b7\"><div class=\"uagb-buttons__wrap uagb-buttons-layout-wrap\">\n<div class=\"wp-block-uagb-buttons-child uagb-buttons__outer-wrap uagb-block-055bc616 wp-block-button\"><div class=\"uagb-button__wrapper\"><a class=\"uagb-buttons-repeater wp-block-button__link has-background has-text-color\" href=\"https:\/\/talaneco.com\/fr\/contact\/\" onclick=\"return true;\" rel=\"follow noopener\" target=\"_self\"><div class=\"uagb-button__link\">Je m'inscris<\/div><\/a><\/div><\/div>\n<\/div><\/div>\n<\/div>\n\n\n\n<div class=\"wp-block-uagb-container uagb-block-84603144\">\n<div class=\"wp-block-columns is-layout-flex wp-container-6\">\n<div class=\"wp-block-column is-layout-flow\">\n<div class=\"wp-block-uagb-advanced-heading uagb-block-1426450b\"><h5 class=\"uagb-heading-text\">Ce que vous apprendrez dans le module A2.3<\/h5><\/div>\n\n\n\n<p>A2.3 repr\u00e9sente l'\u00e9tape avanc\u00e9e du niveau A2 de la langue. \u00c0 ce niveau, vous d\u00e9velopperez votre ma\u00eetrise de l'allemand et gagnerez en confiance dans vos comp\u00e9tences linguistiques. Vous acqu\u00e9rrez un \u00e9ventail plus large de vocabulaire et de structures grammaticales, ce qui vous permettra de communiquer de mani\u00e8re plus efficace dans diff\u00e9rents contextes. \u00c0 A2.3, vous pourrez comprendre et produire des textes plus complexes, participer \u00e0 des discussions et vous exprimer avec une plus grande fluidit\u00e9.<\/p>\n<\/div>\n<\/div>\n<\/div>\n<\/div>\n\n\n\n<div data-aos= \"slide-up\" data-aos-duration=\"400\" data-aos-delay=\"0\" data-aos-easing=\"ease\" data-aos-once=\"true\" class=\"wp-block-uagb-container uagb-block-fe9d8f93\">\n<div class=\"wp-block-uagb-call-to-action uagb-block-1fffc82a wp-block-button\"><div class=\"uagb-cta__wrap\"><h3 class=\"uagb-cta__title\">Prochaine \u00e9tape : Allemand B1<\/h3><p class=\"uagb-cta__desc\">Goethe certificate B1 is a German exam which confirms intermediate language skills on the third level (B1) of the six-level&#8230;<\/p><\/div><div class=\"uagb-cta__buttons\"><a href=\"https:\/\/talaneco.com\/fr\/home\/german-language-level-b1\/\" class=\"uagb-cta__button-link-wrapper wp-block-button__link\" target=\"_self\" rel=\"noopener noreferrer\">En savoir plus<\/a><\/div><\/div>\n<a class=\"spectra-container-link-overlay\" rel=\"noopener\" href=\"https:\/\/talaneco.com\/fr\/home\/german-language-level-b1\/\"> <\/a><\/div>\n<\/div>\n<\/div><\/div>\n\n\n\n<div class=\"wp-block-uagb-container uagb-block-c9c0916d alignfull uagb-is-root-container\"><div class=\"uagb-container-inner-blocks-wrap\"><\/div><\/div>","protected":false},"excerpt":{"rendered":"<p>German Language Level A2\u200b Becoming more familiar with German Goethe certificate A2 is a German exam which requires basic language skills (e.g. A1). It confirms advanced basic language skills on the second level (A2) of the six-level competency scale of the Common European Framework of Reference for Languages (CEFR). In our courses you will build [&hellip;]<\/p>","protected":false},"author":1,"featured_media":0,"parent":60,"menu_order":1,"comment_status":"closed","ping_status":"closed","template":"","meta":{"content-type":"","_uag_custom_page_level_css":"","swt_meta_header_display":false,"swt_meta_footer_display":false,"swt_meta_site_title_display":false,"swt_meta_sticky_header":false,"swt_meta_transparent_header":false},"uagb_featured_image_src":{"full":false,"thumbnail":false,"medium":false,"medium_large":false,"large":false,"1536x1536":false,"2048x2048":false,"trp-custom-language-flag":false,"bloom_image":false},"uagb_author_info":{"display_name":"admin","author_link":"https:\/\/talaneco.com\/fr\/author\/admin\/"},"uagb_comment_info":0,"uagb_excerpt":"German Language Level A2\u200b Becoming more familiar with German Goethe certificate A2 is a German exam which requires basic language skills (e.g. A1). It confirms advanced basic language skills on the second level (A2) of the six-level competency scale of the Common European Framework of Reference for Languages (CEFR). In our courses you will build\u2026","_links":{"self":[{"href":"https:\/\/talaneco.com\/fr\/wp-json\/wp\/v2\/pages\/160"}],"collection":[{"href":"https:\/\/talaneco.com\/fr\/wp-json\/wp\/v2\/pages"}],"about":[{"href":"https:\/\/talaneco.com\/fr\/wp-json\/wp\/v2\/types\/page"}],"author":[{"embeddable":true,"href":"https:\/\/talaneco.com\/fr\/wp-json\/wp\/v2\/users\/1"}],"replies":[{"embeddable":true,"href":"https:\/\/talaneco.com\/fr\/wp-json\/wp\/v2\/comments?post=160"}],"version-history":[{"count":52,"href":"https:\/\/talaneco.com\/fr\/wp-json\/wp\/v2\/pages\/160\/revisions"}],"predecessor-version":[{"id":1805,"href":"https:\/\/talaneco.com\/fr\/wp-json\/wp\/v2\/pages\/160\/revisions\/1805"}],"up":[{"embeddable":true,"href":"https:\/\/talaneco.com\/fr\/wp-json\/wp\/v2\/pages\/60"}],"wp:attachment":[{"href":"https:\/\/talaneco.com\/fr\/wp-json\/wp\/v2\/media?parent=160"}],"curies":[{"name":"wp","href":"https:\/\/api.w.org\/{rel}","templated":true}]}}