{"id":171,"date":"2023-05-18T04:01:16","date_gmt":"2023-05-18T04:01:16","guid":{"rendered":"https:\/\/talaneco.com\/?page_id=171"},"modified":"2023-06-16T00:02:44","modified_gmt":"2023-06-16T00:02:44","slug":"german-language-level-b1","status":"publish","type":"page","link":"https:\/\/talaneco.com\/fr\/courses\/german-language-level-b1\/","title":{"rendered":"German &#8211; Level B1"},"content":{"rendered":"<div class=\"wp-block-uagb-container uagb-block-32c31296 alignfull uagb-is-root-container\"><div class=\"uagb-container-inner-blocks-wrap\">\n<div class=\"wp-block-uagb-container uagb-block-c8fd800c\">\n<div class=\"wp-block-uagb-advanced-heading uagb-block-4ce9fe6a\"><h1 class=\"uagb-heading-text\">Langue allemande<\/h1><\/div>\n\n\n\n<div class=\"wp-block-uagb-advanced-heading uagb-block-2011fba3\"><h2 class=\"uagb-heading-text\">Niveau B1<\/h2><\/div>\n<\/div>\n<\/div><\/div>\n\n\n\n<div class=\"wp-block-uagb-container uagb-block-32a319e6 alignfull uagb-is-root-container\"><div class=\"uagb-container-inner-blocks-wrap\">\n<div class=\"wp-block-uagb-container uagb-block-89e8268d\">\n<div class=\"wp-block-uagb-advanced-heading uagb-block-10dd0b75\"><h2 class=\"uagb-heading-text\">Ouvrir de nouveaux horizons<\/h2><\/div>\n\n\n\n<p style=\"margin-top:0;margin-right:0;margin-bottom:0;margin-left:0\">Le certificat Goethe B1 est un examen d'allemand qui confirme les comp\u00e9tences linguistiques interm\u00e9diaires au niveau trois (B1) de l'\u00e9chelle de comp\u00e9tence \u00e0 six niveaux du Cadre europ\u00e9en commun de r\u00e9f\u00e9rence pour les langues (CECR).<\/p>\n\n\n\n<p style=\"margin-top:0;margin-right:0;margin-bottom:0;margin-left:0\">Dans nos cours, vous allez construire une base solide de la langue allemande et serez capable de vous engager dans diverses t\u00e2ches communicatives. Vous allez comprendre les informations principales, en particulier sur des sujets familiers dans des domaines quotidiens tels que le travail, l'\u00e9cole ou les loisirs. Vous serez en mesure de g\u00e9rer la plupart des situations rencontr\u00e9es lors de voyages dans des pays germanophones et pourrez vous exprimer de mani\u00e8re simple et coh\u00e9rente. Vous apprendrez \u00e0 raconter des exp\u00e9riences et des \u00e9v\u00e9nements, \u00e0 d\u00e9crire des espoirs et des objectifs, ainsi qu'\u00e0 fournir de br\u00e8ves justifications et explications.<\/p>\n\n\n\n<p>Le certificat Goethe B1 est requis si vous souhaitez suivre des \u00e9tudes au Studienkolleg (coll\u00e8ge pr\u00e9paratoire) ou si vous souhaitez vivre et travailler en Allemagne.<\/p>\n\n\n\n<div class=\"wp-block-uagb-container uagb-block-f6fe89b9\">\n<div class=\"wp-block-uagb-container uagb-block-a254c5ba\">\n<div class=\"wp-block-uagb-container uagb-block-6e649884\">\n<div class=\"wp-block-uagb-advanced-heading uagb-block-49d276a5\"><h1 class=\"uagb-heading-text\">B1.1<\/h1><\/div>\n<\/div>\n\n\n\n<p><\/p>\n\n\n\n<ul class=\"has-small-font-size\" style=\"margin-top:0;margin-right:0;margin-bottom:0;margin-left:0\">\n<li style=\"font-size:13px\"><strong>31.07.2023 &#8211; 18.09.2023<\/strong><\/li>\n\n\n\n<li style=\"font-size:13px\">Lun, Mer: 18:30 \u2013 21:00<\/li>\n\n\n\n<li style=\"font-size:13px\">Frais: 2.000 MAD<\/li>\n<\/ul>\n\n\n\n<p><\/p>\n\n\n\n<div class=\"wp-block-uagb-buttons uagb-buttons__outer-wrap uagb-btn__default-btn uagb-btn-tablet__default-btn uagb-btn-mobile__default-btn uagb-block-27d286f4\"><div class=\"uagb-buttons__wrap uagb-buttons-layout-wrap\">\n<div class=\"wp-block-uagb-buttons-child uagb-buttons__outer-wrap uagb-block-adba784e wp-block-button\"><div class=\"uagb-button__wrapper\"><a class=\"uagb-buttons-repeater wp-block-button__link has-background has-text-color\" href=\"https:\/\/talaneco.com\/fr\/contact\/\" onclick=\"return true;\" rel=\"follow noopener\" target=\"_self\"><div class=\"uagb-button__link\">Je m'inscris<\/div><\/a><\/div><\/div>\n<\/div><\/div>\n<\/div>\n\n\n\n<div class=\"wp-block-uagb-container uagb-block-532b6a2d\">\n<div class=\"wp-block-columns is-layout-flex wp-container-2\">\n<div class=\"wp-block-column is-layout-flow\">\n<div class=\"wp-block-uagb-advanced-heading uagb-block-eb3ad08b\"><h5 class=\"uagb-heading-text\">Ce que vous apprendrez dans le module B1.1<\/h5><\/div>\n\n\n\n<p>Dans notre cours B1.1, vous consoliderez vos comp\u00e9tences interm\u00e9diaires et \u00e9largirez votre vocabulaire et vos connaissances grammaticales. Vous pourrez participer \u00e0 des conversations sur des sujets familiers, exprimer des opinions et comprendre les points principaux de textes li\u00e9s \u00e0 vos domaines d'int\u00e9r\u00eat.<\/p>\n<\/div>\n<\/div>\n<\/div>\n<\/div>\n\n\n\n<div class=\"wp-block-uagb-container uagb-block-be20191f\">\n<div class=\"wp-block-uagb-container uagb-block-535fac26\">\n<div class=\"wp-block-uagb-container uagb-block-2f3cce14\">\n<div class=\"wp-block-uagb-advanced-heading uagb-block-421bcb4e\"><h1 class=\"uagb-heading-text\">B1.2<\/h1><\/div>\n<\/div>\n\n\n\n<p><\/p>\n\n\n\n<ul class=\"has-small-font-size\" style=\"margin-top:0;margin-right:0;margin-bottom:0;margin-left:0\">\n<li style=\"font-size:13px\"><strong>20.09.2023 &#8211; 08.11.2023<\/strong><\/li>\n\n\n\n<li style=\"font-size:13px\">Lun, Mer: 18:30 \u2013 21:00<\/li>\n\n\n\n<li style=\"font-size:13px\">Frais: 2.000 MAD<\/li>\n<\/ul>\n\n\n\n<p><\/p>\n\n\n\n<div class=\"wp-block-uagb-buttons uagb-buttons__outer-wrap uagb-btn__default-btn uagb-btn-tablet__default-btn uagb-btn-mobile__default-btn uagb-block-cffedc26\"><div class=\"uagb-buttons__wrap uagb-buttons-layout-wrap\">\n<div class=\"wp-block-uagb-buttons-child uagb-buttons__outer-wrap uagb-block-0fcd8f2c wp-block-button\"><div class=\"uagb-button__wrapper\"><a class=\"uagb-buttons-repeater wp-block-button__link has-background has-text-color\" href=\"https:\/\/talaneco.com\/fr\/contact\/\" onclick=\"return true;\" rel=\"follow noopener\" target=\"_self\"><div class=\"uagb-button__link\">Je m'inscris<\/div><\/a><\/div><\/div>\n<\/div><\/div>\n<\/div>\n\n\n\n<div class=\"wp-block-uagb-container uagb-block-537b3607\">\n<div class=\"wp-block-columns is-layout-flex wp-container-4\">\n<div class=\"wp-block-column is-layout-flow\">\n<div class=\"wp-block-uagb-advanced-heading uagb-block-42cf8071\"><h5 class=\"uagb-heading-text\">Ce que vous apprendrez dans le module B1.2<\/h5><\/div>\n\n\n\n<p>Dans notre cours B1.2, vous apprendrez \u00e0 participer \u00e0 des conversations plus complexes, \u00e0 vous exprimer couramment sur une large gamme de sujets et \u00e0 comprendre des textes d\u00e9taill\u00e9s. Au niveau B1.2, vous aurez acquis une solide ma\u00eetrise de la langue, mais il se peut que vous rencontriez encore des d\u00e9fis avec des structures linguistiques plus complexes et des expressions nuanc\u00e9es.<\/p>\n<\/div>\n<\/div>\n<\/div>\n<\/div>\n\n\n\n<div class=\"wp-block-uagb-container uagb-block-4f85f4ee\">\n<div class=\"wp-block-uagb-container uagb-block-cdac9526\">\n<div class=\"wp-block-uagb-container uagb-block-3c63bf90\">\n<div class=\"wp-block-uagb-advanced-heading uagb-block-0f414ca0\"><h1 class=\"uagb-heading-text\">B1.3<\/h1><\/div>\n<\/div>\n\n\n\n<p><\/p>\n\n\n\n<ul class=\"has-small-font-size\" style=\"margin-top:0;margin-right:0;margin-bottom:0;margin-left:0\">\n<li style=\"font-size:13px\"><strong>13.11.2023 &#8211; 08.01.2024<\/strong><\/li>\n\n\n\n<li style=\"font-size:13px\">Lun, Mer: 18:30 \u2013 21:00<\/li>\n\n\n\n<li style=\"font-size:13px\">Frais: 2.000 MAD<\/li>\n<\/ul>\n\n\n\n<p><\/p>\n\n\n\n<div class=\"wp-block-uagb-buttons uagb-buttons__outer-wrap uagb-btn__default-btn uagb-btn-tablet__default-btn uagb-btn-mobile__default-btn uagb-block-988ca275\"><div class=\"uagb-buttons__wrap uagb-buttons-layout-wrap\">\n<div class=\"wp-block-uagb-buttons-child uagb-buttons__outer-wrap uagb-block-96a2e696 wp-block-button\"><div class=\"uagb-button__wrapper\"><a class=\"uagb-buttons-repeater wp-block-button__link has-background has-text-color\" href=\"https:\/\/talaneco.com\/fr\/contact\/\" onclick=\"return true;\" rel=\"follow noopener\" target=\"_self\"><div class=\"uagb-button__link\">Je m'inscris<\/div><\/a><\/div><\/div>\n<\/div><\/div>\n<\/div>\n\n\n\n<div class=\"wp-block-uagb-container uagb-block-ee71b55b\">\n<div class=\"wp-block-columns is-layout-flex wp-container-6\">\n<div class=\"wp-block-column is-layout-flow\">\n<div class=\"wp-block-uagb-advanced-heading uagb-block-ed727789\"><h5 class=\"uagb-heading-text\">Ce que vous apprendrez dans le module B1.3<\/h5><\/div>\n\n\n\n<p>Le niveau B1.3 repr\u00e9sente le stade sup\u00e9rieur ou avanc\u00e9 du niveau B1. \u00c0 ce stade, vous aurez une compr\u00e9hension plus sophistiqu\u00e9e de la langue. Vous pourrez participer \u00e0 des discussions sur divers sujets, vous exprimer avec une plus grande pr\u00e9cision et fluidit\u00e9, et comprendre un large \u00e9ventail de textes, y compris ceux ayant un contenu plus abstrait ou sp\u00e9cialis\u00e9.<\/p>\n<\/div>\n<\/div>\n<\/div>\n<\/div>\n<\/div>\n\n\n\n<div data-aos= \"slide-up\" data-aos-duration=\"400\" data-aos-delay=\"0\" data-aos-easing=\"ease\" data-aos-once=\"true\" class=\"wp-block-uagb-container uagb-block-91c6ec8b\">\n<div class=\"wp-block-uagb-call-to-action uagb-block-c82e7b29 wp-block-button\"><div class=\"uagb-cta__wrap\"><h3 class=\"uagb-cta__title\">Prochaine \u00e9tape : Allemand B2<\/h3><p class=\"uagb-cta__desc\">Le certificat Goethe B2 est un examen d'allemand qui atteste de comp\u00e9tences linguistiques interm\u00e9diaires sup\u00e9rieures au quatri\u00e8me niveau...<\/p><\/div><div class=\"uagb-cta__buttons\"><a href=\"https:\/\/talaneco.com\/fr\/home\/german-language-level-b2\/\" class=\"uagb-cta__button-link-wrapper wp-block-button__link\" target=\"_self\" rel=\"noopener noreferrer\">En savoir plus<\/a><\/div><\/div>\n<a class=\"spectra-container-link-overlay\" rel=\"noopener\" href=\"https:\/\/talaneco.com\/fr\/home\/german-language-level-b2\/\"> <\/a><\/div>\n<\/div><\/div>\n\n\n\n<div class=\"wp-block-uagb-container uagb-block-0806b08f alignfull uagb-is-root-container\"><div class=\"uagb-container-inner-blocks-wrap\"><\/div><\/div>","protected":false},"excerpt":{"rendered":"<p>German Language Level B1\u200b Opening up new horizons Goethe certificate B1 is a German exam which confirms intermediate language skills on the third level (B1) of the six-level competency scale of the Common European Framework of Reference for Languages (CEFR). In our courses you will build up a solid foundation of the German language and [&hellip;]<\/p>","protected":false},"author":1,"featured_media":0,"parent":60,"menu_order":2,"comment_status":"closed","ping_status":"closed","template":"","meta":{"content-type":"","_uag_custom_page_level_css":"","swt_meta_header_display":false,"swt_meta_footer_display":false,"swt_meta_site_title_display":false,"swt_meta_sticky_header":false,"swt_meta_transparent_header":false},"uagb_featured_image_src":{"full":false,"thumbnail":false,"medium":false,"medium_large":false,"large":false,"1536x1536":false,"2048x2048":false,"trp-custom-language-flag":false,"bloom_image":false},"uagb_author_info":{"display_name":"admin","author_link":"https:\/\/talaneco.com\/fr\/author\/admin\/"},"uagb_comment_info":0,"uagb_excerpt":"German Language Level B1\u200b Opening up new horizons Goethe certificate B1 is a German exam which confirms intermediate language skills on the third level (B1) of the six-level competency scale of the Common European Framework of Reference for Languages (CEFR). In our courses you will build up a solid foundation of the German language and\u2026","_links":{"self":[{"href":"https:\/\/talaneco.com\/fr\/wp-json\/wp\/v2\/pages\/171"}],"collection":[{"href":"https:\/\/talaneco.com\/fr\/wp-json\/wp\/v2\/pages"}],"about":[{"href":"https:\/\/talaneco.com\/fr\/wp-json\/wp\/v2\/types\/page"}],"author":[{"embeddable":true,"href":"https:\/\/talaneco.com\/fr\/wp-json\/wp\/v2\/users\/1"}],"replies":[{"embeddable":true,"href":"https:\/\/talaneco.com\/fr\/wp-json\/wp\/v2\/comments?post=171"}],"version-history":[{"count":42,"href":"https:\/\/talaneco.com\/fr\/wp-json\/wp\/v2\/pages\/171\/revisions"}],"predecessor-version":[{"id":1806,"href":"https:\/\/talaneco.com\/fr\/wp-json\/wp\/v2\/pages\/171\/revisions\/1806"}],"up":[{"embeddable":true,"href":"https:\/\/talaneco.com\/fr\/wp-json\/wp\/v2\/pages\/60"}],"wp:attachment":[{"href":"https:\/\/talaneco.com\/fr\/wp-json\/wp\/v2\/media?parent=171"}],"curies":[{"name":"wp","href":"https:\/\/api.w.org\/{rel}","templated":true}]}}