{"id":182,"date":"2023-05-18T04:25:23","date_gmt":"2023-05-18T04:25:23","guid":{"rendered":"https:\/\/talaneco.com\/?page_id=182"},"modified":"2023-06-15T19:16:46","modified_gmt":"2023-06-15T19:16:46","slug":"german-language-level-b2","status":"publish","type":"page","link":"https:\/\/talaneco.com\/fr\/courses\/german-language-level-b2\/","title":{"rendered":"German &#8211; Level B2"},"content":{"rendered":"<div class=\"wp-block-uagb-container uagb-block-b4eb79b3 alignfull uagb-is-root-container\"><div class=\"uagb-container-inner-blocks-wrap\">\n<div class=\"wp-block-uagb-container uagb-block-4d3d53d9\">\n<div class=\"wp-block-uagb-advanced-heading uagb-block-d0e5f2dc\"><h1 class=\"uagb-heading-text\">German Language\u200b<\/h1><\/div>\n\n\n\n<div class=\"wp-block-uagb-advanced-heading uagb-block-6ba28563\"><h2 class=\"uagb-heading-text\">Niveau B2<\/h2><\/div>\n<\/div>\n<\/div><\/div>\n\n\n\n<div class=\"wp-block-uagb-container uagb-block-c96cd4aa alignfull uagb-is-root-container\"><div class=\"uagb-container-inner-blocks-wrap\">\n<div class=\"wp-block-uagb-container uagb-block-eb033fcc\">\n<div class=\"wp-block-uagb-advanced-heading uagb-block-746fa19e\"><h2 class=\"uagb-heading-text\">Comp\u00e9tences linguistiques proches de la langue maternelle<\/h2><\/div>\n\n\n\n<p style=\"margin-top:0;margin-right:0;margin-bottom:0;margin-left:0\">Le certificat Goethe B2 est un examen d'allemand qui atteste des comp\u00e9tences linguistiques de niveau interm\u00e9diaire sup\u00e9rieur au quatri\u00e8me niveau (B2) de l'\u00e9chelle de comp\u00e9tence \u00e0 six niveaux du Cadre europ\u00e9en commun de r\u00e9f\u00e9rence pour les langues (CECRL).<\/p>\n\n\n\n<p style=\"margin-top:0;margin-right:0;margin-bottom:0;margin-left:0\">Dans nos cours, vous d\u00e9velopperez une bonne ma\u00eetrise de la langue allemande et comprendrez les id\u00e9es principales de textes complexes sur des sujets concrets et abstraits. Vous serez capable de communiquer spontan\u00e9ment et couramment sans effort significatif, et de vous exprimer clairement et en d\u00e9tail en expliquant votre point de vue ainsi que les avantages et les inconv\u00e9nients de diff\u00e9rentes options.<\/p>\n\n\n\n<p style=\"margin-top:0;margin-right:0;margin-bottom:0;margin-left:0\">Le certificat Goethe B2 est requis lorsque vous vous pr\u00e9parez \u00e0 \u00e9tudier en Allemagne et il est \u00e9galement requis pour travailler dans le domaine m\u00e9dical.<\/p>\n\n\n\n<div class=\"wp-block-uagb-container uagb-block-c713d3b1\">\n<div class=\"wp-block-uagb-container uagb-block-c4ef7a87\">\n<div class=\"wp-block-uagb-container uagb-block-f8765c09\">\n<div class=\"wp-block-uagb-advanced-heading uagb-block-71ffa4fd\"><h1 class=\"uagb-heading-text\">B2.1<\/h1><\/div>\n<\/div>\n\n\n\n<p><\/p>\n\n\n\n<ul class=\"has-small-font-size\" style=\"margin-top:0;margin-right:0;margin-bottom:0;margin-left:0\">\n<li style=\"font-size:13px\"><strong>01.08.2023 &#8211; 19.09.2023<\/strong><\/li>\n\n\n\n<li style=\"font-size:13px\">Mar, Jeu: 18:30 \u2013 21:00<\/li>\n\n\n\n<li style=\"font-size:13px\">Frais: 2.000 MAD<\/li>\n<\/ul>\n\n\n\n<p><\/p>\n\n\n\n<div class=\"wp-block-uagb-buttons uagb-buttons__outer-wrap uagb-btn__default-btn uagb-btn-tablet__default-btn uagb-btn-mobile__default-btn uagb-block-80836e4c\"><div class=\"uagb-buttons__wrap uagb-buttons-layout-wrap\">\n<div class=\"wp-block-uagb-buttons-child uagb-buttons__outer-wrap uagb-block-6522caaf wp-block-button\"><div class=\"uagb-button__wrapper\"><a class=\"uagb-buttons-repeater wp-block-button__link has-background has-text-color\" href=\"https:\/\/talaneco.com\/fr\/contact\/\" onclick=\"return true;\" rel=\"follow noopener\" target=\"_self\"><div class=\"uagb-button__link\">Je m'inscris<\/div><\/a><\/div><\/div>\n<\/div><\/div>\n<\/div>\n\n\n\n<div class=\"wp-block-uagb-container uagb-block-32a77ad4\">\n<div class=\"wp-block-columns is-layout-flex wp-container-2\">\n<div class=\"wp-block-column is-layout-flow\">\n<div class=\"wp-block-uagb-advanced-heading uagb-block-9a5aa0ac\"><h5 class=\"uagb-heading-text\">Ce que vous apprendrez dans le module B2.1<\/h5><\/div>\n\n\n\n<p>Dans notre cours B2.1, vous continuerez \u00e0 renforcer vos comp\u00e9tences linguistiques et \u00e0 \u00e9largir votre vocabulaire et vos connaissances grammaticales. Vous pourrez participer \u00e0 des conversations plus complexes, vous exprimer avec une certaine aisance et comprendre un \u00e9ventail plus large de textes portant sur diff\u00e9rents sujets.<\/p>\n<\/div>\n<\/div>\n<\/div>\n<\/div>\n\n\n\n<div class=\"wp-block-uagb-container uagb-block-ad9df763\">\n<div class=\"wp-block-uagb-container uagb-block-6795905a\">\n<div class=\"wp-block-uagb-container uagb-block-93e65c3d\">\n<div class=\"wp-block-uagb-advanced-heading uagb-block-ff920968\"><h1 class=\"uagb-heading-text\">B2.2<\/h1><\/div>\n<\/div>\n\n\n\n<p><\/p>\n\n\n\n<ul class=\"has-small-font-size\" style=\"margin-top:0;margin-right:0;margin-bottom:0;margin-left:0\">\n<li style=\"font-size:13px\"><strong>21.09.2023 &#8211; 09.11.2023<\/strong><\/li>\n\n\n\n<li style=\"font-size:13px\">Mar, Jeu: 18:30 \u2013 21:00<\/li>\n\n\n\n<li style=\"font-size:13px\">Frais: 2.000 MAD<\/li>\n<\/ul>\n\n\n\n<p><\/p>\n\n\n\n<div class=\"wp-block-uagb-buttons uagb-buttons__outer-wrap uagb-btn__default-btn uagb-btn-tablet__default-btn uagb-btn-mobile__default-btn uagb-block-46fc386b\"><div class=\"uagb-buttons__wrap uagb-buttons-layout-wrap\">\n<div class=\"wp-block-uagb-buttons-child uagb-buttons__outer-wrap uagb-block-bcdda6eb wp-block-button\"><div class=\"uagb-button__wrapper\"><a class=\"uagb-buttons-repeater wp-block-button__link has-background has-text-color\" href=\"https:\/\/talaneco.com\/fr\/contact\/\" onclick=\"return true;\" rel=\"follow noopener\" target=\"_self\"><div class=\"uagb-button__link\">Je m'inscris<\/div><\/a><\/div><\/div>\n<\/div><\/div>\n<\/div>\n\n\n\n<div class=\"wp-block-uagb-container uagb-block-d46b09d3\">\n<div class=\"wp-block-columns is-layout-flex wp-container-4\">\n<div class=\"wp-block-column is-layout-flow\">\n<div class=\"wp-block-uagb-advanced-heading uagb-block-a3322b62\"><h5 class=\"uagb-heading-text\">Ce que vous apprendrez dans le module B2.2<\/h5><\/div>\n\n\n\n<p>Au stade B2.2, vous aurez d\u00e9velopp\u00e9 un niveau de comp\u00e9tence \u00e9lev\u00e9 dans la langue. Vous pourrez participer \u00e0 des discussions sur des sujets divers, vous exprimer avec pr\u00e9cision et fluidit\u00e9, et comprendre des textes d\u00e9taill\u00e9s contenant des informations nuanc\u00e9es.<\/p>\n<\/div>\n<\/div>\n<\/div>\n<\/div>\n\n\n\n<div class=\"wp-block-uagb-container uagb-block-71dd12c8\">\n<div class=\"wp-block-uagb-container uagb-block-48a40076\">\n<div class=\"wp-block-uagb-container uagb-block-6bfe0d92\">\n<div class=\"wp-block-uagb-advanced-heading uagb-block-741c0bfb\"><h1 class=\"uagb-heading-text\">B2.3<\/h1><\/div>\n<\/div>\n\n\n\n<p><\/p>\n\n\n\n<ul class=\"has-small-font-size\" style=\"margin-top:0;margin-right:0;margin-bottom:0;margin-left:0\">\n<li style=\"font-size:13px\"><strong>14.11.2023 &#8211; 09.01.2024<\/strong><\/li>\n\n\n\n<li style=\"font-size:13px\">Mar, Jeu: 18:30 \u2013 21:00<\/li>\n\n\n\n<li style=\"font-size:13px\">Frais: 2.000 MAD<\/li>\n<\/ul>\n\n\n\n<p><\/p>\n\n\n\n<div class=\"wp-block-uagb-buttons uagb-buttons__outer-wrap uagb-btn__default-btn uagb-btn-tablet__default-btn uagb-btn-mobile__default-btn uagb-block-9da16f26\"><div class=\"uagb-buttons__wrap uagb-buttons-layout-wrap\">\n<div class=\"wp-block-uagb-buttons-child uagb-buttons__outer-wrap uagb-block-b1bcba8f wp-block-button\"><div class=\"uagb-button__wrapper\"><a class=\"uagb-buttons-repeater wp-block-button__link has-background has-text-color\" href=\"https:\/\/talaneco.com\/fr\/contact\/\" onclick=\"return true;\" rel=\"follow noopener\" target=\"_self\"><div class=\"uagb-button__link\">Je m'inscris<\/div><\/a><\/div><\/div>\n<\/div><\/div>\n<\/div>\n\n\n\n<div class=\"wp-block-uagb-container uagb-block-a8db1f85\">\n<div class=\"wp-block-columns is-layout-flex wp-container-6\">\n<div class=\"wp-block-column is-layout-flow\">\n<div class=\"wp-block-uagb-advanced-heading uagb-block-48d16839\"><h5 class=\"uagb-heading-text\">Ce que vous apprendrez dans le module B2.3<\/h5><\/div>\n\n\n\n<p>Le niveau B2.3 repr\u00e9sente la phase sup\u00e9rieure ou avanc\u00e9e du niveau B2. \u00c0 ce stade, vous aurez un niveau avanc\u00e9 de ma\u00eetrise de la langue. Vous pourrez participer \u00e0 des d\u00e9bats, vous exprimer avec pr\u00e9cision et fluidit\u00e9, et comprendre des textes complexes, y compris ceux \u00e0 contenu abstrait ou sp\u00e9cialis\u00e9. \u00c0 ce stade, vous aurez un niveau de comp\u00e9tence quasi natif et pourrez communiquer efficacement dans des environnements professionnels et acad\u00e9miques.<\/p>\n<\/div>\n<\/div>\n<\/div>\n<\/div>\n<\/div>\n\n\n\n<div data-aos= \"slide-up\" data-aos-duration=\"400\" data-aos-delay=\"0\" data-aos-easing=\"ease\" data-aos-once=\"true\" class=\"wp-block-uagb-container uagb-block-fc24cc7c\">\n<div class=\"wp-block-uagb-call-to-action uagb-block-0b395fc6 wp-block-button\"><div class=\"uagb-cta__wrap\"><h3 class=\"uagb-cta__title\">Prochaine \u00e9tape : Allemand C1<\/h3><p class=\"uagb-cta__desc\">Le certificat Goethe C1 est important si vous souhaitez vous pr\u00e9parer \u00e0 une carri\u00e8re dans le domaine m\u00e9dical et pour...<\/p><\/div><div class=\"uagb-cta__buttons\"><a href=\"https:\/\/talaneco.com\/fr\/home\/german-language-level-c1\/\" class=\"uagb-cta__button-link-wrapper wp-block-button__link\" target=\"_self\" rel=\"noopener noreferrer\">En savoir plus<\/a><\/div><\/div>\n<a class=\"spectra-container-link-overlay\" rel=\"noopener\" href=\"https:\/\/talaneco.com\/fr\/home\/german-language-level-c1\/\"> <\/a><\/div>\n<\/div><\/div>\n\n\n\n<div class=\"wp-block-uagb-container uagb-block-b409ab50 alignfull uagb-is-root-container\"><div class=\"uagb-container-inner-blocks-wrap\"><\/div><\/div>","protected":false},"excerpt":{"rendered":"<p>German Language\u200b Level B2 Near-native language skills Goethe certificate B2 is a German exam which confirms upper-intermediate language skills on the fourth level (B2) of the six-level competency scale of the Common European Framework of Reference for Languages (CEFR). In our courses you will build up a good command of the German language and understand [&hellip;]<\/p>","protected":false},"author":1,"featured_media":0,"parent":60,"menu_order":3,"comment_status":"closed","ping_status":"closed","template":"","meta":{"content-type":"","_uag_custom_page_level_css":"","swt_meta_header_display":false,"swt_meta_footer_display":false,"swt_meta_site_title_display":false,"swt_meta_sticky_header":false,"swt_meta_transparent_header":false},"uagb_featured_image_src":{"full":false,"thumbnail":false,"medium":false,"medium_large":false,"large":false,"1536x1536":false,"2048x2048":false,"trp-custom-language-flag":false,"bloom_image":false},"uagb_author_info":{"display_name":"admin","author_link":"https:\/\/talaneco.com\/fr\/author\/admin\/"},"uagb_comment_info":0,"uagb_excerpt":"German Language\u200b Level B2 Near-native language skills Goethe certificate B2 is a German exam which confirms upper-intermediate language skills on the fourth level (B2) of the six-level competency scale of the Common European Framework of Reference for Languages (CEFR). In our courses you will build up a good command of the German language and understand\u2026","_links":{"self":[{"href":"https:\/\/talaneco.com\/fr\/wp-json\/wp\/v2\/pages\/182"}],"collection":[{"href":"https:\/\/talaneco.com\/fr\/wp-json\/wp\/v2\/pages"}],"about":[{"href":"https:\/\/talaneco.com\/fr\/wp-json\/wp\/v2\/types\/page"}],"author":[{"embeddable":true,"href":"https:\/\/talaneco.com\/fr\/wp-json\/wp\/v2\/users\/1"}],"replies":[{"embeddable":true,"href":"https:\/\/talaneco.com\/fr\/wp-json\/wp\/v2\/comments?post=182"}],"version-history":[{"count":43,"href":"https:\/\/talaneco.com\/fr\/wp-json\/wp\/v2\/pages\/182\/revisions"}],"predecessor-version":[{"id":1799,"href":"https:\/\/talaneco.com\/fr\/wp-json\/wp\/v2\/pages\/182\/revisions\/1799"}],"up":[{"embeddable":true,"href":"https:\/\/talaneco.com\/fr\/wp-json\/wp\/v2\/pages\/60"}],"wp:attachment":[{"href":"https:\/\/talaneco.com\/fr\/wp-json\/wp\/v2\/media?parent=182"}],"curies":[{"name":"wp","href":"https:\/\/api.w.org\/{rel}","templated":true}]}}