{"id":192,"date":"2023-05-18T06:41:46","date_gmt":"2023-05-18T06:41:46","guid":{"rendered":"https:\/\/talaneco.com\/?page_id=192"},"modified":"2023-06-15T19:15:47","modified_gmt":"2023-06-15T19:15:47","slug":"german-language-level-c1","status":"publish","type":"page","link":"https:\/\/talaneco.com\/fr\/courses\/german-language-level-c1\/","title":{"rendered":"German &#8211; Level C1"},"content":{"rendered":"<div class=\"wp-block-uagb-container uagb-block-d800f0c6 alignfull uagb-is-root-container\"><div class=\"uagb-container-inner-blocks-wrap\">\n<div class=\"wp-block-uagb-container uagb-block-205f5d6f\">\n<div class=\"wp-block-uagb-advanced-heading uagb-block-c83f99eb\"><h1 class=\"uagb-heading-text\">Langue allemande<\/h1><\/div>\n\n\n\n<div class=\"wp-block-uagb-advanced-heading uagb-block-8962e109\"><h2 class=\"uagb-heading-text\">Niveau C1<\/h2><\/div>\n<\/div>\n<\/div><\/div>\n\n\n\n<div class=\"wp-block-uagb-container uagb-block-b3cb6acc alignfull uagb-is-root-container\"><div class=\"uagb-container-inner-blocks-wrap\">\n<div class=\"wp-block-uagb-container uagb-block-737b09be\">\n<div class=\"wp-block-uagb-advanced-heading uagb-block-f718ae92\"><h2 class=\"uagb-heading-text\">Etes-vous allemand(e)?<\/h2><\/div>\n\n\n\n<p style=\"margin-top:0;margin-right:0;margin-bottom:0;margin-left:0\">Le certificat Goethe C1 est un examen d'allemand qui confirme les comp\u00e9tences linguistiques avanc\u00e9es au niveau cinq (C1) de l'\u00e9chelle de comp\u00e9tence \u00e0 six niveaux du Cadre europ\u00e9en commun de r\u00e9f\u00e9rence pour les langues (CECR).<\/p>\n\n\n\n<p style=\"margin-top:0;margin-right:0;margin-bottom:0;margin-left:0\">Dans nos cours, vous d\u00e9velopperez une ma\u00eetrise \u00e9lev\u00e9e de la langue allemande et comprendrez une large gamme de textes exigeants et longs, saisissant m\u00eame les significations implicites. Vous apprendrez \u00e0 vous exprimer couramment sans chercher fr\u00e9quemment vos mots. Vous serez capable d'utiliser efficacement la langue allemande dans des contextes sociaux, professionnels et acad\u00e9miques, et d'articuler clairement, de mani\u00e8re structur\u00e9e et d\u00e9taill\u00e9e des sujets complexes.<\/p>\n\n\n\n<p>Le certificat Goethe C1 est important si vous souhaitez vous pr\u00e9parer \u00e0 une carri\u00e8re dans le domaine m\u00e9dical et \u00e0 vos \u00e9tudes en Allemagne. Avec ce certificat en main, vous pourrez fournir une preuve de comp\u00e9tences avanc\u00e9es en allemand \u00e0 des fins professionnelles.<\/p>\n\n\n\n<div class=\"wp-block-uagb-container uagb-block-1ac04c36\">\n<div class=\"wp-block-uagb-container uagb-block-eb2a679e\">\n<div class=\"wp-block-uagb-container uagb-block-d1566bbc\">\n<div class=\"wp-block-uagb-advanced-heading uagb-block-eaf5436b\"><h1 class=\"uagb-heading-text\">C1.1<\/h1><\/div>\n<\/div>\n\n\n\n<p><\/p>\n\n\n\n<ul class=\"has-small-font-size\" style=\"margin-top:0;margin-right:0;margin-bottom:0;margin-left:0\">\n<li style=\"font-size:13px\">AD<\/li>\n\n\n\n<li style=\"font-size:13px\">AD<\/li>\n\n\n\n<li style=\"font-size:13px\">Frais: 2.000 MAD<\/li>\n<\/ul>\n\n\n\n<p><\/p>\n\n\n\n<div class=\"wp-block-uagb-buttons uagb-buttons__outer-wrap uagb-btn__default-btn uagb-btn-tablet__default-btn uagb-btn-mobile__default-btn uagb-block-55f8f942\"><div class=\"uagb-buttons__wrap uagb-buttons-layout-wrap\">\n<div class=\"wp-block-uagb-buttons-child uagb-buttons__outer-wrap uagb-block-c220b3f8 wp-block-button\"><div class=\"uagb-button__wrapper\"><a class=\"uagb-buttons-repeater wp-block-button__link has-background has-text-color\" href=\"https:\/\/talaneco.com\/fr\/contact\/\" onclick=\"return true;\" rel=\"follow noopener\" target=\"_self\"><div class=\"uagb-button__link\">Je m'inscris<\/div><\/a><\/div><\/div>\n<\/div><\/div>\n<\/div>\n\n\n\n<div class=\"wp-block-uagb-container uagb-block-dd53dec4\">\n<div class=\"wp-block-columns is-layout-flex wp-container-2\">\n<div class=\"wp-block-column is-layout-flow\">\n<div class=\"wp-block-uagb-advanced-heading uagb-block-483251bf\"><h5 class=\"uagb-heading-text\">Ce que vous apprendrez dans le module C1.1<\/h5><\/div>\n\n\n\n<p>Dans notre cours C1.1, vous continuerez \u00e0 perfectionner vos comp\u00e9tences linguistiques avanc\u00e9es et \u00e0 \u00e9largir votre vocabulaire et votre connaissance des structures grammaticales complexes. Vous pourrez vous engager dans des discussions d\u00e9taill\u00e9es, vous exprimer avec aisance et pr\u00e9cision, et comprendre une large gamme de textes authentiques.<\/p>\n<\/div>\n<\/div>\n<\/div>\n<\/div>\n\n\n\n<div class=\"wp-block-uagb-container uagb-block-d423d094\">\n<div class=\"wp-block-uagb-container uagb-block-b447e8b3\">\n<div class=\"wp-block-uagb-container uagb-block-ba5cb78e\">\n<div class=\"wp-block-uagb-advanced-heading uagb-block-221c12a2\"><h1 class=\"uagb-heading-text\">C1.2<\/h1><\/div>\n<\/div>\n\n\n\n<p><\/p>\n\n\n\n<ul class=\"has-small-font-size\" style=\"margin-top:0;margin-right:0;margin-bottom:0;margin-left:0\">\n<li style=\"font-size:13px\">AD<\/li>\n\n\n\n<li style=\"font-size:13px\">AD<\/li>\n\n\n\n<li style=\"font-size:13px\">Frais: 2.000 MAD<\/li>\n<\/ul>\n\n\n\n<p><\/p>\n\n\n\n<div class=\"wp-block-uagb-buttons uagb-buttons__outer-wrap uagb-btn__default-btn uagb-btn-tablet__default-btn uagb-btn-mobile__default-btn uagb-block-224bb732\"><div class=\"uagb-buttons__wrap uagb-buttons-layout-wrap\">\n<div class=\"wp-block-uagb-buttons-child uagb-buttons__outer-wrap uagb-block-9b8a67b3 wp-block-button\"><div class=\"uagb-button__wrapper\"><a class=\"uagb-buttons-repeater wp-block-button__link has-background has-text-color\" href=\"https:\/\/talaneco.com\/fr\/contact\/\" onclick=\"return true;\" rel=\"follow noopener\" target=\"_self\"><div class=\"uagb-button__link\">Je m'inscris<\/div><\/a><\/div><\/div>\n<\/div><\/div>\n<\/div>\n\n\n\n<div class=\"wp-block-uagb-container uagb-block-dbb9888f\">\n<div class=\"wp-block-columns is-layout-flex wp-container-4\">\n<div class=\"wp-block-column is-layout-flow\">\n<div class=\"wp-block-uagb-advanced-heading uagb-block-7551bee0\"><h5 class=\"uagb-heading-text\">Ce que vous apprendrez dans le module C1.2<\/h5><\/div>\n\n\n\n<p>Au niveau C1.2, vous d\u00e9velopperez un haut niveau de comp\u00e9tence dans la langue allemande. Vous pourrez vous engager dans des conversations nuanc\u00e9es et sophistiqu\u00e9es, vous exprimer avec pr\u00e9cision et \u00e9loquence, et comprendre des textes complexes sur divers sujets.<\/p>\n<\/div>\n<\/div>\n<\/div>\n<\/div>\n\n\n\n<div class=\"wp-block-uagb-container uagb-block-a506c5c6\">\n<div class=\"wp-block-uagb-container uagb-block-20ebe6bb\">\n<div class=\"wp-block-uagb-container uagb-block-e4592692\">\n<div class=\"wp-block-uagb-advanced-heading uagb-block-78eca1ab\"><h1 class=\"uagb-heading-text\">C1.3<\/h1><\/div>\n<\/div>\n\n\n\n<p><\/p>\n\n\n\n<ul class=\"has-small-font-size\" style=\"margin-top:0;margin-right:0;margin-bottom:0;margin-left:0\">\n<li style=\"font-size:13px\">AD<\/li>\n\n\n\n<li style=\"font-size:13px\">AD<\/li>\n\n\n\n<li style=\"font-size:13px\">Frais: 2.000 MAD<\/li>\n<\/ul>\n\n\n\n<p><\/p>\n\n\n\n<div class=\"wp-block-uagb-buttons uagb-buttons__outer-wrap uagb-btn__default-btn uagb-btn-tablet__default-btn uagb-btn-mobile__default-btn uagb-block-356bf036\"><div class=\"uagb-buttons__wrap uagb-buttons-layout-wrap\">\n<div class=\"wp-block-uagb-buttons-child uagb-buttons__outer-wrap uagb-block-0891815b wp-block-button\"><div class=\"uagb-button__wrapper\"><a class=\"uagb-buttons-repeater wp-block-button__link has-background has-text-color\" href=\"https:\/\/talaneco.com\/fr\/contact\/\" onclick=\"return true;\" rel=\"follow noopener\" target=\"_self\"><div class=\"uagb-button__link\">Je m'inscris<\/div><\/a><\/div><\/div>\n<\/div><\/div>\n<\/div>\n\n\n\n<div class=\"wp-block-uagb-container uagb-block-e748d35e\">\n<div class=\"wp-block-columns is-layout-flex wp-container-6\">\n<div class=\"wp-block-column is-layout-flow\">\n<div class=\"wp-block-uagb-advanced-heading uagb-block-3bc932b8\"><h5 class=\"uagb-heading-text\">Ce que vous apprendrez dans le module C1.3<\/h5><\/div>\n\n\n\n<p>Le niveau C1.3 repr\u00e9sente la phase sup\u00e9rieure ou avanc\u00e9e du niveau C1. \u00c0 ce stade, vous atteindrez un niveau de comp\u00e9tence avanc\u00e9 dans la langue. Vous serez en mesure de participer \u00e0 des d\u00e9bats et discussions sur des sujets abstraits ou sp\u00e9cialis\u00e9s, de vous exprimer avec sophistication et subtilit\u00e9, et de comprendre des textes complexes avec des informations nuanc\u00e9es.<\/p>\n<\/div>\n<\/div>\n<\/div>\n<\/div>\n<\/div>\n\n\n\n<div data-aos= \"slide-up\" data-aos-duration=\"400\" data-aos-delay=\"0\" data-aos-easing=\"ease\" data-aos-once=\"true\" class=\"wp-block-uagb-container uagb-block-4a6f4403\">\n<div class=\"wp-block-uagb-call-to-action uagb-block-b33ce0d9 wp-block-button\"><div class=\"uagb-cta__wrap\"><h3 class=\"uagb-cta__title\">Prochaine \u00e9tape : Allemand C2<\/h3><p class=\"uagb-cta__desc\">Le certificat Goethe C2 est un examen d'allemand qui repr\u00e9sente le niveau de ma\u00eetrise de l'\u00e9chelle de comp\u00e9tence \u00e0 six niveaux du...<\/p><\/div><div class=\"uagb-cta__buttons\"><a href=\"https:\/\/talaneco.com\/fr\/home\/german-language-level-c2\/\" class=\"uagb-cta__button-link-wrapper wp-block-button__link\" target=\"_self\" rel=\"noopener noreferrer\">En savoir plus<\/a><\/div><\/div>\n<a class=\"spectra-container-link-overlay\" rel=\"noopener\" href=\"https:\/\/talaneco.com\/fr\/home\/german-language-level-c2\/\"> <\/a><\/div>\n<\/div><\/div>\n\n\n\n<div class=\"wp-block-uagb-container uagb-block-ba918e27 alignfull uagb-is-root-container\"><div class=\"uagb-container-inner-blocks-wrap\"><\/div><\/div>","protected":false},"excerpt":{"rendered":"<p>German Language Level C1\u200b Are you German? Goethe certificate C1 is a German exam which confirms advanced language skills on the fifth level (C1) of the six-level competency scale of the Common European Framework of Reference for Languages (CEFR). In our courses you will build up a high command of the German language and understand [&hellip;]<\/p>","protected":false},"author":1,"featured_media":0,"parent":60,"menu_order":4,"comment_status":"closed","ping_status":"closed","template":"","meta":{"content-type":"","_uag_custom_page_level_css":"","swt_meta_header_display":false,"swt_meta_footer_display":false,"swt_meta_site_title_display":false,"swt_meta_sticky_header":false,"swt_meta_transparent_header":false},"uagb_featured_image_src":{"full":false,"thumbnail":false,"medium":false,"medium_large":false,"large":false,"1536x1536":false,"2048x2048":false,"trp-custom-language-flag":false,"bloom_image":false},"uagb_author_info":{"display_name":"admin","author_link":"https:\/\/talaneco.com\/fr\/author\/admin\/"},"uagb_comment_info":0,"uagb_excerpt":"German Language Level C1\u200b Are you German? Goethe certificate C1 is a German exam which confirms advanced language skills on the fifth level (C1) of the six-level competency scale of the Common European Framework of Reference for Languages (CEFR). In our courses you will build up a high command of the German language and understand\u2026","_links":{"self":[{"href":"https:\/\/talaneco.com\/fr\/wp-json\/wp\/v2\/pages\/192"}],"collection":[{"href":"https:\/\/talaneco.com\/fr\/wp-json\/wp\/v2\/pages"}],"about":[{"href":"https:\/\/talaneco.com\/fr\/wp-json\/wp\/v2\/types\/page"}],"author":[{"embeddable":true,"href":"https:\/\/talaneco.com\/fr\/wp-json\/wp\/v2\/users\/1"}],"replies":[{"embeddable":true,"href":"https:\/\/talaneco.com\/fr\/wp-json\/wp\/v2\/comments?post=192"}],"version-history":[{"count":41,"href":"https:\/\/talaneco.com\/fr\/wp-json\/wp\/v2\/pages\/192\/revisions"}],"predecessor-version":[{"id":1798,"href":"https:\/\/talaneco.com\/fr\/wp-json\/wp\/v2\/pages\/192\/revisions\/1798"}],"up":[{"embeddable":true,"href":"https:\/\/talaneco.com\/fr\/wp-json\/wp\/v2\/pages\/60"}],"wp:attachment":[{"href":"https:\/\/talaneco.com\/fr\/wp-json\/wp\/v2\/media?parent=192"}],"curies":[{"name":"wp","href":"https:\/\/api.w.org\/{rel}","templated":true}]}}