{"id":203,"date":"2023-05-18T09:24:44","date_gmt":"2023-05-18T09:24:44","guid":{"rendered":"https:\/\/talaneco.com\/?page_id=203"},"modified":"2023-06-12T00:33:34","modified_gmt":"2023-06-12T00:33:34","slug":"bookkeeping-accounting","status":"publish","type":"page","link":"https:\/\/talaneco.com\/fr\/courses\/bookkeeping-accounting\/","title":{"rendered":"Bookkeeping &#038; Accounting"},"content":{"rendered":"<div class=\"wp-block-uagb-container uagb-block-142995be alignfull uagb-is-root-container\"><div class=\"uagb-container-inner-blocks-wrap\">\n<div class=\"wp-block-uagb-container uagb-block-2d1721d0\">\n<div class=\"wp-block-uagb-advanced-heading uagb-block-228e59fa\"><h1 class=\"uagb-heading-text\">Normes comptables allemandes<\/h1><\/div>\n\n\n\n<div class=\"wp-block-uagb-advanced-heading uagb-block-383e1bcc\"><h2 class=\"uagb-heading-text\">Tenue de livres &amp; Comptabilit\u00e9<\/h2><\/div>\n<\/div>\n<\/div><\/div>\n\n\n\n<div class=\"wp-block-uagb-container uagb-block-75caa687 alignfull uagb-is-root-container\"><div class=\"uagb-container-inner-blocks-wrap\">\n<div class=\"wp-block-uagb-container uagb-block-90777a85\">\n<div class=\"wp-block-uagb-advanced-heading uagb-block-9f88851e\"><h2 class=\"uagb-heading-text\">Pr\u00e9cision financi\u00e8re \u00e0 port\u00e9e de main<\/h2><\/div>\n\n\n\n<p style=\"margin-top:0;margin-right:0;margin-bottom:0;margin-left:0\">La comptabilit\u00e9 constitue la base de la gestion d'entreprise. Les transactions commerciales document\u00e9es dans le cadre de la comptabilit\u00e9 repr\u00e9sentent le reflet num\u00e9rique d'une entreprise et servent de source d'information pour toute analyse entrepreneuriale et processus de prise de d\u00e9cision.<\/p>\n\n\n\n<p style=\"margin-top:0;margin-right:0;margin-bottom:0;margin-left:0\">Notre cours de comptabilit\u00e9 et de gestion comptable est id\u00e9al pour vous si vous souhaitez obtenir une premi\u00e8re vue d'ensemble des principes comptables allemands (German GAAP) et envisagez de travailler depuis le Maroc pour des entreprises allemandes. Il est \u00e9galement recommand\u00e9 si vous souhaitez vous pr\u00e9parer \u00e0 travailler en Allemagne.<\/p>\n\n\n\n<div class=\"wp-block-uagb-container uagb-block-f91d5026\">\n<div class=\"wp-block-uagb-container uagb-block-c1089b85\">\n<div class=\"wp-block-uagb-container uagb-block-b7578f51\">\n<div class=\"wp-block-uagb-advanced-heading uagb-block-6928a030\"><h1 class=\"uagb-heading-text\">BA<\/h1><\/div>\n<\/div>\n\n\n\n<p><\/p>\n\n\n\n<ul class=\"has-small-font-size\" style=\"margin-top:0;margin-right:0;margin-bottom:0;margin-left:0\">\n<li style=\"font-size:13px\"><strong>05.08.2023 &#8211; 01.10.2023<\/strong><\/li>\n\n\n\n<li style=\"font-size:13px\">Sam, Dim: 8:30 \u2013 13:00<\/li>\n\n\n\n<li style=\"font-size:13px\">Frais: 9.000 MAD<\/li>\n<\/ul>\n\n\n\n<p><\/p>\n\n\n\n<div class=\"wp-block-uagb-buttons uagb-buttons__outer-wrap uagb-btn__default-btn uagb-btn-tablet__default-btn uagb-btn-mobile__default-btn uagb-block-1fcbcb39\"><div class=\"uagb-buttons__wrap uagb-buttons-layout-wrap\">\n<div class=\"wp-block-uagb-buttons-child uagb-buttons__outer-wrap uagb-block-b2101aa6 wp-block-button\"><div class=\"uagb-button__wrapper\"><a class=\"uagb-buttons-repeater wp-block-button__link has-background has-text-color\" href=\"https:\/\/talaneco.com\/fr\/contact\/\" onclick=\"return true;\" rel=\"follow noopener\" target=\"_self\"><div class=\"uagb-button__link\">Je m'inscris<\/div><\/a><\/div><\/div>\n<\/div><\/div>\n<\/div>\n\n\n\n<div class=\"wp-block-uagb-container uagb-block-2622e258\">\n<div class=\"wp-block-columns is-layout-flex wp-container-2\">\n<div class=\"wp-block-column is-layout-flow\">\n<div class=\"wp-block-uagb-advanced-heading uagb-block-18097275\"><h5 class=\"uagb-heading-text\">Ce que vous apprendrez dans le module Tenue de livres &amp; Comptabilit\u00e9<\/h5><\/div>\n\n\n\n<p>Dans notre cours, nous aborderons les techniques de comptabilisation pour diff\u00e9rentes transactions commerciales conform\u00e9ment aux normes comptables allemandes :<\/p>\n\n\n\n<ol>\n<li>Objectifs, bases l\u00e9gales et obligations comptables<\/li>\n\n\n\n<li>Inventaire, actifs et bilan <\/li>\n\n\n\n<li>Les bases des techniques de comptabilisation<\/li>\n\n\n\n<li>Les enregistrements avec la taxe sur la valeur ajout\u00e9e (TVA)<\/li>\n\n\n\n<li>Comptabilit\u00e9 commerciale et industrielle<\/li>\n\n\n\n<li>Retraits et d\u00e9p\u00f4ts priv\u00e9s<\/li>\n\n\n\n<li>Comptabilit\u00e9 des immobilisations<\/li>\n\n\n\n<li>Comptabilit\u00e9 des salaires<\/li>\n\n\n\n<li>Comptabilit\u00e9 financi\u00e8re<\/li>\n\n\n\n<li>Comptabilisation des charges et produits diff\u00e9r\u00e9s<\/li>\n<\/ol>\n<\/div>\n<\/div>\n<\/div>\n<\/div>\n<\/div>\n\n\n\n<div data-aos= \"slide-up\" data-aos-duration=\"400\" data-aos-delay=\"0\" data-aos-easing=\"ease\" data-aos-once=\"true\" class=\"wp-block-uagb-container uagb-block-b51799fd\">\n<div class=\"wp-block-uagb-call-to-action uagb-block-b90970b3 wp-block-button\"><div class=\"uagb-cta__wrap\"><h3 class=\"uagb-cta__title\">Prochaine \u00e9tape : Etats financiers<\/h3><p class=\"uagb-cta__desc\">La pr\u00e9paration des \u00e9tats financiers annuels implique la cr\u00e9ation des \u00e9tats financiers annuels d'une entreprise. Cela comprend...<\/p><\/div><div class=\"uagb-cta__buttons\"><a href=\"https:\/\/talaneco.com\/fr\/home\/financial-statements\/\" class=\"uagb-cta__button-link-wrapper wp-block-button__link\" target=\"_self\" rel=\"noopener noreferrer\">En savoir plus<\/a><\/div><\/div>\n<a class=\"spectra-container-link-overlay\" rel=\"noopener\" href=\"https:\/\/talaneco.com\/fr\/home\/financial-statements\/\"> <\/a><\/div>\n<\/div><\/div>","protected":false},"excerpt":{"rendered":"<p>German GAAP Bookkeeping &amp; Accounting Financial precision at your fingertips Accounting forms the foundation of business management. The business transactions documented within the scope of accounting represent the numerical reflection of a company and serve as a source of information for every entrepreneurial analysis and decision-making process. Our Bookkeeping &amp; Accounting course is best for [&hellip;]<\/p>","protected":false},"author":1,"featured_media":0,"parent":60,"menu_order":6,"comment_status":"closed","ping_status":"closed","template":"","meta":{"content-type":"","_uag_custom_page_level_css":"","swt_meta_header_display":false,"swt_meta_footer_display":false,"swt_meta_site_title_display":false,"swt_meta_sticky_header":false,"swt_meta_transparent_header":false},"uagb_featured_image_src":{"full":false,"thumbnail":false,"medium":false,"medium_large":false,"large":false,"1536x1536":false,"2048x2048":false,"trp-custom-language-flag":false,"bloom_image":false},"uagb_author_info":{"display_name":"admin","author_link":"https:\/\/talaneco.com\/fr\/author\/admin\/"},"uagb_comment_info":0,"uagb_excerpt":"German GAAP Bookkeeping &amp; Accounting Financial precision at your fingertips Accounting forms the foundation of business management. The business transactions documented within the scope of accounting represent the numerical reflection of a company and serve as a source of information for every entrepreneurial analysis and decision-making process. Our Bookkeeping &amp; Accounting course is best for\u2026","_links":{"self":[{"href":"https:\/\/talaneco.com\/fr\/wp-json\/wp\/v2\/pages\/203"}],"collection":[{"href":"https:\/\/talaneco.com\/fr\/wp-json\/wp\/v2\/pages"}],"about":[{"href":"https:\/\/talaneco.com\/fr\/wp-json\/wp\/v2\/types\/page"}],"author":[{"embeddable":true,"href":"https:\/\/talaneco.com\/fr\/wp-json\/wp\/v2\/users\/1"}],"replies":[{"embeddable":true,"href":"https:\/\/talaneco.com\/fr\/wp-json\/wp\/v2\/comments?post=203"}],"version-history":[{"count":88,"href":"https:\/\/talaneco.com\/fr\/wp-json\/wp\/v2\/pages\/203\/revisions"}],"predecessor-version":[{"id":1745,"href":"https:\/\/talaneco.com\/fr\/wp-json\/wp\/v2\/pages\/203\/revisions\/1745"}],"up":[{"embeddable":true,"href":"https:\/\/talaneco.com\/fr\/wp-json\/wp\/v2\/pages\/60"}],"wp:attachment":[{"href":"https:\/\/talaneco.com\/fr\/wp-json\/wp\/v2\/media?parent=203"}],"curies":[{"name":"wp","href":"https:\/\/api.w.org\/{rel}","templated":true}]}}