{"id":209,"date":"2023-05-18T09:36:31","date_gmt":"2023-05-18T09:36:31","guid":{"rendered":"https:\/\/talaneco.com\/?page_id=209"},"modified":"2023-06-13T14:02:53","modified_gmt":"2023-06-13T14:02:53","slug":"excel","status":"publish","type":"page","link":"https:\/\/talaneco.com\/fr\/courses\/excel\/","title":{"rendered":"Excel"},"content":{"rendered":"<div class=\"wp-block-uagb-container uagb-block-97748250 alignfull uagb-is-root-container\"><div class=\"uagb-container-inner-blocks-wrap\">\n<div class=\"wp-block-uagb-container uagb-block-58d7a24d\">\n<div class=\"wp-block-uagb-advanced-heading uagb-block-31c4c000\"><h1 class=\"uagb-heading-text\">Comp\u00e9tences en logiciels<\/h1><\/div>\n\n\n\n<div class=\"wp-block-uagb-advanced-heading uagb-block-c37c7399\"><h2 class=\"uagb-heading-text\">Excel<\/h2><\/div>\n<\/div>\n<\/div><\/div>\n\n\n\n<div class=\"wp-block-uagb-container uagb-block-068331fa alignfull uagb-is-root-container\"><div class=\"uagb-container-inner-blocks-wrap\">\n<div class=\"wp-block-uagb-container uagb-block-17357df6\">\n<div class=\"wp-block-uagb-advanced-heading uagb-block-c2b3b37f\"><h2 class=\"uagb-heading-text\">Lib\u00e9rez la puissance de l'analyse des donn\u00e9es<\/h2><\/div>\n\n\n\n<p style=\"margin-top:0;margin-right:0;margin-bottom:0;margin-left:0\">Plongez dans le monde des tableurs et explorez les diverses possibilit\u00e9s de Microsoft Excel. Dans notre formation pratique, vous apprendrez \u00e0 organiser efficacement les donn\u00e9es, effectuer des calculs complexes, cr\u00e9er des graphiques significatifs, et bien plus encore. Notre \u00e9quipe d'experts d\u00e9vou\u00e9s vous guidera pas \u00e0 pas \u00e0 travers les diff\u00e9rentes fonctions et astuces qui vous aideront \u00e0 optimiser votre flux de travail et \u00e0 augmenter votre productivit\u00e9.<\/p>\n\n\n\n<div class=\"wp-block-uagb-container uagb-block-5115fa99\">\n<div class=\"wp-block-uagb-container uagb-block-eaed751e\">\n<div class=\"wp-block-uagb-container uagb-block-b0ad1390\">\n<div class=\"wp-block-uagb-advanced-heading uagb-block-d91e2e21\"><h1 class=\"uagb-heading-text\">Excel<\/h1><\/div>\n<\/div>\n\n\n\n<p><\/p>\n\n\n\n<ul class=\"has-small-font-size\" style=\"margin-top:0;margin-right:0;margin-bottom:0;margin-left:0\">\n<li style=\"font-size:13px\"><strong>08.09.2023 &#8211; 22.09.2023<\/strong><\/li>\n\n\n\n<li style=\"font-size:13px\">Ven: 18:30 \u2013 21:00<\/li>\n\n\n\n<li style=\"font-size:13px\">Frais: 1.500 MAD<\/li>\n<\/ul>\n\n\n\n<p><\/p>\n\n\n\n<div class=\"wp-block-uagb-buttons uagb-buttons__outer-wrap uagb-btn__default-btn uagb-btn-tablet__default-btn uagb-btn-mobile__default-btn uagb-block-2e7f6c51\"><div class=\"uagb-buttons__wrap uagb-buttons-layout-wrap\">\n<div class=\"wp-block-uagb-buttons-child uagb-buttons__outer-wrap uagb-block-5000a40a wp-block-button\"><div class=\"uagb-button__wrapper\"><a class=\"uagb-buttons-repeater wp-block-button__link has-background has-text-color\" href=\"https:\/\/talaneco.com\/fr\/contact\/\" onclick=\"return true;\" rel=\"follow noopener\" target=\"_self\"><div class=\"uagb-button__link\">Je m'inscris<\/div><\/a><\/div><\/div>\n<\/div><\/div>\n<\/div>\n\n\n\n<div class=\"wp-block-uagb-container uagb-block-e2dd1b94\">\n<div class=\"wp-block-columns is-layout-flex wp-container-2\">\n<div class=\"wp-block-column is-layout-flow\">\n<div class=\"wp-block-uagb-advanced-heading uagb-block-8bc485b2\"><h5 class=\"uagb-heading-text\">Ce que vous apprendrez dans le module Excel<\/h5><\/div>\n\n\n\n<p>Notre cours Excel couvre un large \u00e9ventail de sujets essentiels pour am\u00e9liorer vos comp\u00e9tences Excel. Dans ce cours, vous apprendrez:<\/p>\n\n\n\n<ol>\n<li>Les bases du calcul sur tableur<\/li>\n\n\n\n<li>L'organisation et la mise en forme des donn\u00e9es<\/li>\n\n\n\n<li>L'analyse et les calculs de donn\u00e9es<\/li>\n\n\n\n<li>La visualisation des donn\u00e9es<\/li>\n\n\n\n<li>L'automatisation des flux de travail<\/li>\n\n\n\n<li>La collaboration et l'importation de donn\u00e9es<\/li>\n\n\n\n<li>Des astuces et conseils pour augmenter l'efficacit\u00e9<\/li>\n<\/ol>\n<\/div>\n<\/div>\n<\/div>\n<\/div>\n<\/div>\n\n\n\n<div data-aos= \"slide-up\" data-aos-duration=\"400\" data-aos-delay=\"0\" data-aos-easing=\"ease\" data-aos-once=\"true\" class=\"wp-block-uagb-container uagb-block-3c08b95d\">\n<div class=\"wp-block-uagb-call-to-action uagb-block-2cf10a9f wp-block-button\"><div class=\"uagb-cta__wrap\"><h3 class=\"uagb-cta__title\">Prochaine \u00e9tape: PowerPoint<\/h3><p class=\"uagb-cta__desc\">Plongez-vous dans le monde des pr\u00e9sentations dynamiques et d\u00e9couvrez les possibilit\u00e9s illimit\u00e9es de...<\/p><\/div><div class=\"uagb-cta__buttons\"><a href=\"https:\/\/talaneco.com\/fr\/home\/powerpoint\/\" class=\"uagb-cta__button-link-wrapper wp-block-button__link\" target=\"_self\" rel=\"noopener noreferrer\">En savoir plus<\/a><\/div><\/div>\n<a class=\"spectra-container-link-overlay\" rel=\"noopener\" href=\"https:\/\/talaneco.com\/fr\/home\/powerpoint\/\"> <\/a><\/div>\n<\/div><\/div>\n\n\n\n<div class=\"wp-block-uagb-container uagb-block-34627822 alignfull uagb-is-root-container\"><div class=\"uagb-container-inner-blocks-wrap\"><\/div><\/div>","protected":false},"excerpt":{"rendered":"<p>Software Skills\u200b Excel Unleash the power of data analysis Dive into the world of spreadsheets and explore the diverse possibilities of Microsoft Excel. In our practical training, you will learn how to efficiently organize data, perform complex calculations, create meaningful charts, and much more. Our dedicated team of experts will guide you step by step [&hellip;]<\/p>","protected":false},"author":1,"featured_media":0,"parent":60,"menu_order":10,"comment_status":"closed","ping_status":"closed","template":"","meta":{"content-type":"","_uag_custom_page_level_css":"","swt_meta_header_display":false,"swt_meta_footer_display":false,"swt_meta_site_title_display":false,"swt_meta_sticky_header":false,"swt_meta_transparent_header":false},"uagb_featured_image_src":{"full":false,"thumbnail":false,"medium":false,"medium_large":false,"large":false,"1536x1536":false,"2048x2048":false,"trp-custom-language-flag":false,"bloom_image":false},"uagb_author_info":{"display_name":"admin","author_link":"https:\/\/talaneco.com\/fr\/author\/admin\/"},"uagb_comment_info":0,"uagb_excerpt":"Software Skills\u200b Excel Unleash the power of data analysis Dive into the world of spreadsheets and explore the diverse possibilities of Microsoft Excel. In our practical training, you will learn how to efficiently organize data, perform complex calculations, create meaningful charts, and much more. Our dedicated team of experts will guide you step by step\u2026","_links":{"self":[{"href":"https:\/\/talaneco.com\/fr\/wp-json\/wp\/v2\/pages\/209"}],"collection":[{"href":"https:\/\/talaneco.com\/fr\/wp-json\/wp\/v2\/pages"}],"about":[{"href":"https:\/\/talaneco.com\/fr\/wp-json\/wp\/v2\/types\/page"}],"author":[{"embeddable":true,"href":"https:\/\/talaneco.com\/fr\/wp-json\/wp\/v2\/users\/1"}],"replies":[{"embeddable":true,"href":"https:\/\/talaneco.com\/fr\/wp-json\/wp\/v2\/comments?post=209"}],"version-history":[{"count":48,"href":"https:\/\/talaneco.com\/fr\/wp-json\/wp\/v2\/pages\/209\/revisions"}],"predecessor-version":[{"id":1752,"href":"https:\/\/talaneco.com\/fr\/wp-json\/wp\/v2\/pages\/209\/revisions\/1752"}],"up":[{"embeddable":true,"href":"https:\/\/talaneco.com\/fr\/wp-json\/wp\/v2\/pages\/60"}],"wp:attachment":[{"href":"https:\/\/talaneco.com\/fr\/wp-json\/wp\/v2\/media?parent=209"}],"curies":[{"name":"wp","href":"https:\/\/api.w.org\/{rel}","templated":true}]}}