{"id":211,"date":"2023-05-18T09:36:44","date_gmt":"2023-05-18T09:36:44","guid":{"rendered":"https:\/\/talaneco.com\/?page_id=211"},"modified":"2023-06-13T14:02:18","modified_gmt":"2023-06-13T14:02:18","slug":"accounting-software","status":"publish","type":"page","link":"https:\/\/talaneco.com\/fr\/courses\/accounting-software\/","title":{"rendered":"Logiciel de comptabilit\u00e9"},"content":{"rendered":"<div class=\"wp-block-uagb-container uagb-block-418861da alignfull uagb-is-root-container\"><div class=\"uagb-container-inner-blocks-wrap\">\n<div class=\"wp-block-uagb-container uagb-block-914e5a7b\">\n<div class=\"wp-block-uagb-advanced-heading uagb-block-5f9a91d4\"><h1 class=\"uagb-heading-text\">Comp\u00e9tences en logiciels<\/h1><\/div>\n\n\n\n<div class=\"wp-block-uagb-advanced-heading uagb-block-7e4902d7\"><h2 class=\"uagb-heading-text\">Logiciel de comptabilit\u00e9<\/h2><\/div>\n<\/div>\n<\/div><\/div>\n\n\n\n<div class=\"wp-block-uagb-container uagb-block-21afbf9e alignfull uagb-is-root-container\"><div class=\"uagb-container-inner-blocks-wrap\">\n<div class=\"wp-block-uagb-container uagb-block-9a1b199c\">\n<div class=\"wp-block-uagb-advanced-heading uagb-block-d90ba6c2\"><h2 class=\"uagb-heading-text\">D\u00e9veloppez votre potentiel en comptabilit\u00e9<\/h2><\/div>\n\n\n\n<p style=\"margin-top:0;margin-right:0;margin-bottom:0;margin-left:0\">Que vous soyez un comptable exp\u00e9riment\u00e9 ou que vous plongiez simplement dans le monde de la finance, nos cours vous fournissent les connaissances n\u00e9cessaires pour g\u00e9rer facilement vos t\u00e2ches comptables. Notre \u00e9quipe d\u00e9vou\u00e9e vous guidera \u00e9tape par \u00e9tape \u00e0 travers les diff\u00e9rentes fonctions et possibilit\u00e9s du logiciel comptable. Apprenez \u00e0 cr\u00e9er des factures, suivre les paiements, g\u00e9n\u00e9rer des rapports et bien plus encore, le tout dans un environnement convivial. <\/p>\n\n\n\n<p style=\"margin-top:0;margin-right:0;margin-bottom:0;margin-left:0\">Notre formation est pratique, vous donnant l'opportunit\u00e9 d'appliquer ce que vous avez appris et de vous entra\u00eener dans des situations r\u00e9elles. Vous vous familiariserez avec les diff\u00e9rentes fonctionnalit\u00e9s et capacit\u00e9s du logiciel comptable pour g\u00e9rer efficacement vos t\u00e2ches comptables.<\/p>\n\n\n\n<div class=\"wp-block-uagb-container uagb-block-e75de1cf\">\n<div class=\"wp-block-uagb-container uagb-block-63d6e3df\">\n<div class=\"wp-block-uagb-container uagb-block-3a14ee9f\">\n<div class=\"wp-block-uagb-advanced-heading uagb-block-15bcb1e3\"><h1 class=\"uagb-heading-text\">AS<\/h1><\/div>\n<\/div>\n\n\n\n<p><\/p>\n\n\n\n<ul class=\"has-small-font-size\" style=\"margin-top:0;margin-right:0;margin-bottom:0;margin-left:0\">\n<li style=\"font-size:13px\"><strong>11.08.2023 &#8211; 01.09.2023<\/strong><\/li>\n\n\n\n<li style=\"font-size:13px\">Ven: 18:30 \u2013 21:00<\/li>\n\n\n\n<li style=\"font-size:13px\">Frais: 2.000 MAD<\/li>\n<\/ul>\n\n\n\n<p><\/p>\n\n\n\n<div class=\"wp-block-uagb-buttons uagb-buttons__outer-wrap uagb-btn__default-btn uagb-btn-tablet__default-btn uagb-btn-mobile__default-btn uagb-block-a22b69b5\"><div class=\"uagb-buttons__wrap uagb-buttons-layout-wrap\">\n<div class=\"wp-block-uagb-buttons-child uagb-buttons__outer-wrap uagb-block-735d44f2 wp-block-button\"><div class=\"uagb-button__wrapper\"><a class=\"uagb-buttons-repeater wp-block-button__link has-background has-text-color\" href=\"https:\/\/talaneco.com\/fr\/contact\/\" onclick=\"return true;\" rel=\"follow noopener\" target=\"_self\"><div class=\"uagb-button__link\">Je m'inscris<\/div><\/a><\/div><\/div>\n<\/div><\/div>\n<\/div>\n\n\n\n<div class=\"wp-block-uagb-container uagb-block-d17b0401\">\n<div class=\"wp-block-columns is-layout-flex wp-container-2\">\n<div class=\"wp-block-column is-layout-flow\">\n<div class=\"wp-block-uagb-advanced-heading uagb-block-907125e9\"><h5 class=\"uagb-heading-text\">Ce que vous apprendrez dans le module Logiciel de comptabilit\u00e9:<\/h5><\/div>\n\n\n\n<p>Dans notre module Logiciels de comptabilit\u00e9, vous acqu\u00e9rrez les connaissances et comp\u00e9tences pratiques n\u00e9cessaires pour utiliser efficacement le logiciel. Vous apprendrez, entre autres choses :<\/p>\n\n\n\n<ol>\n<li>Configuration des comptes<\/li>\n\n\n\n<li>Enregistrement des transactions<\/li>\n\n\n\n<li>Facturation<\/li>\n\n\n\n<li>Suivi des paiements<\/li>\n\n\n\n<li>Rapprochement bancaire<\/li>\n\n\n\n<li>Etablissement de rapports<\/li>\n<\/ol>\n<\/div>\n<\/div>\n<\/div>\n<\/div>\n<\/div>\n\n\n\n<div data-aos= \"slide-up\" data-aos-duration=\"400\" data-aos-delay=\"0\" data-aos-easing=\"ease\" data-aos-once=\"true\" class=\"wp-block-uagb-container uagb-block-f919b401\">\n<div class=\"wp-block-uagb-call-to-action uagb-block-6fe8d0c1 wp-block-button\"><div class=\"uagb-cta__wrap\"><h3 class=\"uagb-cta__title\">Prochaine \u00e9tape: Excel<\/h3><p class=\"uagb-cta__desc\">Plongez dans le monde des tableurs et explorez les diverses possibilit\u00e9s de Microsoft Excel. Dans notre formation pratique...<\/p><\/div><div class=\"uagb-cta__buttons\"><a href=\"https:\/\/talaneco.com\/fr\/home\/excel\/\" class=\"uagb-cta__button-link-wrapper wp-block-button__link\" target=\"_self\" rel=\"noopener noreferrer\">En savoir plus<\/a><\/div><\/div>\n<a class=\"spectra-container-link-overlay\" rel=\"noopener\" href=\"https:\/\/talaneco.com\/fr\/home\/excel\/\"> <\/a><\/div>\n<\/div><\/div>\n\n\n\n<div class=\"wp-block-uagb-container uagb-block-ee5e01b2 alignfull uagb-is-root-container\"><div class=\"uagb-container-inner-blocks-wrap\"><\/div><\/div>","protected":false},"excerpt":{"rendered":"<p>Software Skills Accounting Software Unlock Your Accounting Potential Whether you&#8217;re an experienced accountant or just diving into the world of finance, our courses provide you with the know-how to effortlessly manage your accounting tasks. Our dedicated team will guide you step by step through the various functions and possibilities of the accounting software. Learn how [&hellip;]<\/p>","protected":false},"author":1,"featured_media":0,"parent":60,"menu_order":9,"comment_status":"closed","ping_status":"closed","template":"","meta":{"content-type":"","_uag_custom_page_level_css":"","swt_meta_header_display":false,"swt_meta_footer_display":false,"swt_meta_site_title_display":false,"swt_meta_sticky_header":false,"swt_meta_transparent_header":false},"uagb_featured_image_src":{"full":false,"thumbnail":false,"medium":false,"medium_large":false,"large":false,"1536x1536":false,"2048x2048":false,"trp-custom-language-flag":false,"bloom_image":false},"uagb_author_info":{"display_name":"admin","author_link":"https:\/\/talaneco.com\/fr\/author\/admin\/"},"uagb_comment_info":0,"uagb_excerpt":"Software Skills Accounting Software Unlock Your Accounting Potential Whether you&#8217;re an experienced accountant or just diving into the world of finance, our courses provide you with the know-how to effortlessly manage your accounting tasks. Our dedicated team will guide you step by step through the various functions and possibilities of the accounting software. Learn how\u2026","_links":{"self":[{"href":"https:\/\/talaneco.com\/fr\/wp-json\/wp\/v2\/pages\/211"}],"collection":[{"href":"https:\/\/talaneco.com\/fr\/wp-json\/wp\/v2\/pages"}],"about":[{"href":"https:\/\/talaneco.com\/fr\/wp-json\/wp\/v2\/types\/page"}],"author":[{"embeddable":true,"href":"https:\/\/talaneco.com\/fr\/wp-json\/wp\/v2\/users\/1"}],"replies":[{"embeddable":true,"href":"https:\/\/talaneco.com\/fr\/wp-json\/wp\/v2\/comments?post=211"}],"version-history":[{"count":32,"href":"https:\/\/talaneco.com\/fr\/wp-json\/wp\/v2\/pages\/211\/revisions"}],"predecessor-version":[{"id":1751,"href":"https:\/\/talaneco.com\/fr\/wp-json\/wp\/v2\/pages\/211\/revisions\/1751"}],"up":[{"embeddable":true,"href":"https:\/\/talaneco.com\/fr\/wp-json\/wp\/v2\/pages\/60"}],"wp:attachment":[{"href":"https:\/\/talaneco.com\/fr\/wp-json\/wp\/v2\/media?parent=211"}],"curies":[{"name":"wp","href":"https:\/\/api.w.org\/{rel}","templated":true}]}}