{"id":213,"date":"2023-05-18T09:36:59","date_gmt":"2023-05-18T09:36:59","guid":{"rendered":"https:\/\/talaneco.com\/?page_id=213"},"modified":"2023-06-13T14:03:20","modified_gmt":"2023-06-13T14:03:20","slug":"powerpoint","status":"publish","type":"page","link":"https:\/\/talaneco.com\/fr\/courses\/powerpoint\/","title":{"rendered":"PowerPoint"},"content":{"rendered":"<div class=\"wp-block-uagb-container uagb-block-42f62f86 alignfull uagb-is-root-container\"><div class=\"uagb-container-inner-blocks-wrap\">\n<div class=\"wp-block-uagb-container uagb-block-a39afb93\">\n<div class=\"wp-block-uagb-advanced-heading uagb-block-53de3a6f\"><h1 class=\"uagb-heading-text\">Comp\u00e9tences en logiciels<\/h1><\/div>\n\n\n\n<div class=\"wp-block-uagb-advanced-heading uagb-block-c4eecae6\"><h2 class=\"uagb-heading-text\">PowerPoint<\/h2><\/div>\n<\/div>\n<\/div><\/div>\n\n\n\n<div class=\"wp-block-uagb-container uagb-block-502b7573 alignfull uagb-is-root-container\"><div class=\"uagb-container-inner-blocks-wrap\">\n<div class=\"wp-block-uagb-container uagb-block-0601b46f\">\n<div class=\"wp-block-uagb-advanced-heading uagb-block-fe8a9c17\"><h2 class=\"uagb-heading-text\">Donnez de la puissance \u00e0 votre message, amplifiez votre impact<\/h2><\/div>\n\n\n\n<p style=\"margin-top:0;margin-right:0;margin-bottom:0;margin-left:0\">Plongez-vous dans le monde des pr\u00e9sentations dynamiques et d\u00e9couvrez les possibilit\u00e9s illimit\u00e9es de Microsoft PowerPoint. Notre formation pratique vous dotera des comp\u00e9tences n\u00e9cessaires pour cr\u00e9er des diaporamas captivants, des visuels attrayants et des outils de communication efficaces. Avec notre accompagnement d'experts, vous apprendrez \u00e0 construire des r\u00e9cits captivants, \u00e0 concevoir des mises en page de diapositives impressionnantes, \u00e0 int\u00e9grer des \u00e9l\u00e9ments multim\u00e9dias, et bien plus encore. Rejoignez-nous pour lib\u00e9rer votre cr\u00e9ativit\u00e9 et captiver votre public avec des pr\u00e9sentations percutantes.<\/p>\n\n\n\n<div class=\"wp-block-uagb-container uagb-block-26adaf6e\">\n<div class=\"wp-block-uagb-container uagb-block-a87f611b\">\n<div class=\"wp-block-uagb-container uagb-block-cdab2a27\">\n<div class=\"wp-block-uagb-advanced-heading uagb-block-2bd9b51c\"><h1 class=\"uagb-heading-text\">PP<\/h1><\/div>\n<\/div>\n\n\n\n<p><\/p>\n\n\n\n<ul class=\"has-small-font-size\" style=\"margin-top:0;margin-right:0;margin-bottom:0;margin-left:0\">\n<li style=\"font-size:13px\"><strong>29.09.2023 &#8211; 13.10.2023<\/strong><\/li>\n\n\n\n<li style=\"font-size:13px\">Ven: 18:30 \u2013 21:00<\/li>\n\n\n\n<li style=\"font-size:13px\">Frais: 1.500 MAD<\/li>\n<\/ul>\n\n\n\n<p><\/p>\n\n\n\n<div class=\"wp-block-uagb-buttons uagb-buttons__outer-wrap uagb-btn__default-btn uagb-btn-tablet__default-btn uagb-btn-mobile__default-btn uagb-block-672da5f4\"><div class=\"uagb-buttons__wrap uagb-buttons-layout-wrap\">\n<div class=\"wp-block-uagb-buttons-child uagb-buttons__outer-wrap uagb-block-74567a6d wp-block-button\"><div class=\"uagb-button__wrapper\"><a class=\"uagb-buttons-repeater wp-block-button__link has-background has-text-color\" href=\"https:\/\/talaneco.com\/fr\/contact\/\" onclick=\"return true;\" rel=\"follow noopener\" target=\"_self\"><div class=\"uagb-button__link\">Je m'inscris<\/div><\/a><\/div><\/div>\n<\/div><\/div>\n<\/div>\n\n\n\n<div class=\"wp-block-uagb-container uagb-block-169b2271\">\n<div class=\"wp-block-columns is-layout-flex wp-container-2\">\n<div class=\"wp-block-column is-layout-flow\">\n<div class=\"wp-block-uagb-advanced-heading uagb-block-8b9c7f7d\"><h5 class=\"uagb-heading-text\">Ce que vous apprendrez dans le module PowerPoint<\/h5><\/div>\n\n\n\n<p>Notre cours PowerPoint couvre un large \u00e9ventail de sujets essentiels pour am\u00e9liorer vos comp\u00e9tences en mati\u00e8re de pr\u00e9sentation. Dans ce cours, vous apprendrez:<\/p>\n\n\n\n<ol>\n<li>Ma\u00eetrise de l'interface et des outils de PowerPoint<\/li>\n\n\n\n<li>Cr\u00e9ation de mises en page et de designs visuels<\/li>\n\n\n\n<li>Int\u00e9gration de multim\u00e9dias et d'animations<\/li>\n\n\n\n<li>Techniques narratives efficaces et storytelling<\/li>\n\n\n\n<li>Visualisation des donn\u00e9es avec des graphiques et des infographies<\/li>\n\n\n\n<li>Techniques avanc\u00e9es de formatage et de design<\/li>\n\n\n\n<li>Collaboration et partage pour un travail d'\u00e9quipe fluide<\/li>\n\n\n\n<li>Conseils pour des pr\u00e9sentations engageantes et m\u00e9morables<\/li>\n<\/ol>\n<\/div>\n<\/div>\n<\/div>\n<\/div>\n<\/div>\n\n\n\n<div data-aos= \"slide-up\" data-aos-duration=\"400\" data-aos-delay=\"0\" data-aos-easing=\"ease\" data-aos-once=\"true\" class=\"wp-block-uagb-container uagb-block-709657db\">\n<div class=\"wp-block-uagb-call-to-action uagb-block-c50d18f5 wp-block-button\"><div class=\"uagb-cta__wrap\"><h3 class=\"uagb-cta__title\">Aller \u00e0...<\/h3><p class=\"uagb-cta__desc\">Talaneco propose une large gamme de cours de formation professionnelle, notamment des cours de formation en...<\/p><\/div><div class=\"uagb-cta__buttons\"><a href=\"https:\/\/talaneco.com\/fr\/courses\/#German-Language\" class=\"uagb-cta__button-link-wrapper wp-block-button__link\" target=\"_self\" rel=\"noopener noreferrer\">Langue allemande<\/a><a href=\"https:\/\/talaneco.com\/fr\/courses\/#German-GAAP\" class=\"uagb-cta-second__button wp-block-button__link\" target=\"_self\" rel=\"noopener noreferrer\">Normes comptables allemandes<\/a><\/div><\/div>\n<\/div>\n<\/div><\/div>\n\n\n\n<div class=\"wp-block-uagb-container uagb-block-42636fa0 alignfull uagb-is-root-container\"><div class=\"uagb-container-inner-blocks-wrap\"><\/div><\/div>","protected":false},"excerpt":{"rendered":"<p>Software Skills\u200b PowerPoint Empowering your message, amplifiying your impact Immerse yourself in the world of dynamic presentations and discover the limitless possibilities of Microsoft PowerPoint. Our practical training will equip you with the skills to create engaging slideshows, captivating visuals, and effective communication tools. With our expert guidance, you will learn how to craft compelling [&hellip;]<\/p>","protected":false},"author":1,"featured_media":0,"parent":60,"menu_order":11,"comment_status":"closed","ping_status":"closed","template":"","meta":{"content-type":"","_uag_custom_page_level_css":"","swt_meta_header_display":false,"swt_meta_footer_display":false,"swt_meta_site_title_display":false,"swt_meta_sticky_header":false,"swt_meta_transparent_header":false},"uagb_featured_image_src":{"full":false,"thumbnail":false,"medium":false,"medium_large":false,"large":false,"1536x1536":false,"2048x2048":false,"trp-custom-language-flag":false,"bloom_image":false},"uagb_author_info":{"display_name":"admin","author_link":"https:\/\/talaneco.com\/fr\/author\/admin\/"},"uagb_comment_info":0,"uagb_excerpt":"Software Skills\u200b PowerPoint Empowering your message, amplifiying your impact Immerse yourself in the world of dynamic presentations and discover the limitless possibilities of Microsoft PowerPoint. Our practical training will equip you with the skills to create engaging slideshows, captivating visuals, and effective communication tools. With our expert guidance, you will learn how to craft compelling\u2026","_links":{"self":[{"href":"https:\/\/talaneco.com\/fr\/wp-json\/wp\/v2\/pages\/213"}],"collection":[{"href":"https:\/\/talaneco.com\/fr\/wp-json\/wp\/v2\/pages"}],"about":[{"href":"https:\/\/talaneco.com\/fr\/wp-json\/wp\/v2\/types\/page"}],"author":[{"embeddable":true,"href":"https:\/\/talaneco.com\/fr\/wp-json\/wp\/v2\/users\/1"}],"replies":[{"embeddable":true,"href":"https:\/\/talaneco.com\/fr\/wp-json\/wp\/v2\/comments?post=213"}],"version-history":[{"count":36,"href":"https:\/\/talaneco.com\/fr\/wp-json\/wp\/v2\/pages\/213\/revisions"}],"predecessor-version":[{"id":1753,"href":"https:\/\/talaneco.com\/fr\/wp-json\/wp\/v2\/pages\/213\/revisions\/1753"}],"up":[{"embeddable":true,"href":"https:\/\/talaneco.com\/fr\/wp-json\/wp\/v2\/pages\/60"}],"wp:attachment":[{"href":"https:\/\/talaneco.com\/fr\/wp-json\/wp\/v2\/media?parent=213"}],"curies":[{"name":"wp","href":"https:\/\/api.w.org\/{rel}","templated":true}]}}