{"id":60,"date":"2023-05-18T09:24:48","date_gmt":"2023-05-18T09:24:48","guid":{"rendered":"https:\/\/talaneco.com\/?page_id=60"},"modified":"2023-06-15T23:59:46","modified_gmt":"2023-06-15T23:59:46","slug":"courses","status":"publish","type":"page","link":"https:\/\/talaneco.com\/fr\/","title":{"rendered":"Cours"},"content":{"rendered":"<div class=\"wp-block-uagb-container uagb-block-fa8c093d alignfull uagb-is-root-container\"><div class=\"uagb-container-inner-blocks-wrap\">\n<div class=\"wp-block-uagb-container uagb-block-325bd13c\">\n<div class=\"wp-block-uagb-advanced-heading uagb-block-8449fbe7\"><h6 class=\"uagb-heading-text\">A la recherche de perspectives professionnelles en contexte allemand?<\/h6><\/div>\n\n\n\n<div class=\"wp-block-uagb-info-box uagb-block-f91576c2 uagb-infobox__content-wrap  uagb-infobox-icon-below-title uagb-infobox-image-valign-top\"><div class=\"uagb-ifb-content\"><div class=\"uagb-ifb-title-wrap\"><h1 class=\"uagb-ifb-title\">Commencez <strong>\u00e0 apprendre<\/strong>: <br>Langue allemande - Normes comptables allemandes - Comp\u00e9tences en logiciels<\/h1><\/div><\/div><\/div>\n<\/div>\n<\/div><\/div>\n\n\n\n<div class=\"wp-block-uagb-container uagb-block-07c3767e alignfull uagb-is-root-container\"><div class=\"uagb-container-inner-blocks-wrap\">\n<div id=\"German-Language\" class=\"wp-block-uagb-container uagb-block-ae191a3e\">\n<div class=\"wp-block-uagb-container uagb-block-7b5600c9\">\n<div class=\"wp-block-uagb-advanced-heading uagb-block-533c13b2\"><h6 class=\"uagb-heading-text\">Langue allemande<\/h6><\/div>\n\n\n\n<div class=\"wp-block-uagb-advanced-heading uagb-block-38beab74\"><h4 class=\"uagb-heading-text\">A1<\/h4><p class=\"uagb-desc-text\">Type de cours : En ligne<br>Fees: 6.000 MAD<\/p><\/div>\n\n\n\n<div class=\"wp-block-uagb-buttons uagb-buttons__outer-wrap uagb-btn__default-btn uagb-btn-tablet__default-btn uagb-btn-mobile__default-btn uagb-block-2a8d2549\"><div class=\"uagb-buttons__wrap uagb-buttons-layout-wrap\">\n<div class=\"wp-block-uagb-buttons-child uagb-buttons__outer-wrap uagb-block-01ea9d3c wp-block-button\"><div class=\"uagb-button__wrapper\"><a class=\"uagb-buttons-repeater wp-block-button__link has-background has-text-color\" href=\"\/fr\/talaneco.com\/german-language-level-a1\/\" onclick=\"return true;\" rel=\"follow noopener\" target=\"_self\"><div class=\"uagb-button__link\">En savoir plus<\/div><\/a><\/div><\/div>\n<\/div><\/div>\n<a class=\"spectra-container-link-overlay\" rel=\"noopener\" href=\"https:\/\/talaneco.com\/fr\/german-language-level-a1\/\"> <\/a><\/div>\n\n\n\n<div class=\"wp-block-uagb-container uagb-block-36c5c132\">\n<div class=\"wp-block-uagb-advanced-heading uagb-block-35670bed\"><h6 class=\"uagb-heading-text\">Langue allemande<\/h6><\/div>\n\n\n\n<div class=\"wp-block-uagb-advanced-heading uagb-block-d6249358\"><h4 class=\"uagb-heading-text\">A2<\/h4><p class=\"uagb-desc-text\">Type de cours : En ligne<br>Fees: 6.000 MAD<\/p><\/div>\n\n\n\n<div class=\"wp-block-uagb-buttons uagb-buttons__outer-wrap uagb-btn__default-btn uagb-btn-tablet__default-btn uagb-btn-mobile__default-btn uagb-block-8db14a71\"><div class=\"uagb-buttons__wrap uagb-buttons-layout-wrap\">\n<div class=\"wp-block-uagb-buttons-child uagb-buttons__outer-wrap uagb-block-5e5adb2e wp-block-button\"><div class=\"uagb-button__wrapper\"><a class=\"uagb-buttons-repeater wp-block-button__link has-background has-text-color\" href=\"\/fr\/talaneco.com\/german-language-level-a2\/\" onclick=\"return true;\" rel=\"follow noopener\" target=\"_self\"><div class=\"uagb-button__link\">En savoir plus<\/div><\/a><\/div><\/div>\n<\/div><\/div>\n<a class=\"spectra-container-link-overlay\" rel=\"noopener\" href=\"https:\/\/talaneco.com\/fr\/german-language-level-a2\/\"> <\/a><\/div>\n\n\n\n<div class=\"wp-block-uagb-container uagb-block-2b977990\">\n<div class=\"wp-block-uagb-advanced-heading uagb-block-4ad6b538\"><h6 class=\"uagb-heading-text\">Langue allemande<\/h6><\/div>\n\n\n\n<div class=\"wp-block-uagb-advanced-heading uagb-block-98ee9bf5\"><h4 class=\"uagb-heading-text\">B1<\/h4><p class=\"uagb-desc-text\">Type de cours : En ligne<br>Fees: 6.000 MAD<\/p><\/div>\n\n\n\n<div class=\"wp-block-uagb-buttons uagb-buttons__outer-wrap uagb-btn__default-btn uagb-btn-tablet__default-btn uagb-btn-mobile__default-btn uagb-block-1b6f72d1\"><div class=\"uagb-buttons__wrap uagb-buttons-layout-wrap\">\n<div class=\"wp-block-uagb-buttons-child uagb-buttons__outer-wrap uagb-block-ebcd1e47 wp-block-button\"><div class=\"uagb-button__wrapper\"><a class=\"uagb-buttons-repeater wp-block-button__link has-background has-text-color\" href=\"\/fr\/talaneco.com\/german-language-level-b1\/\" onclick=\"return true;\" rel=\"follow noopener\" target=\"_self\"><div class=\"uagb-button__link\">En savoir plus<\/div><\/a><\/div><\/div>\n<\/div><\/div>\n<a class=\"spectra-container-link-overlay\" rel=\"noopener\" href=\"https:\/\/talaneco.com\/fr\/german-language-level-b1\/\"> <\/a><\/div>\n<\/div>\n\n\n\n<div class=\"wp-block-uagb-container uagb-block-8f171681\">\n<div class=\"wp-block-uagb-container uagb-block-97794467\">\n<div class=\"wp-block-uagb-advanced-heading uagb-block-1b6c0e72\"><h6 class=\"uagb-heading-text\">Langue allemande<\/h6><\/div>\n\n\n\n<div class=\"wp-block-uagb-advanced-heading uagb-block-42ffbc3a\"><h4 class=\"uagb-heading-text\">B2<\/h4><p class=\"uagb-desc-text\">Type de cours : En ligne<br>Fees: 6.000 MAD<\/p><\/div>\n\n\n\n<div class=\"wp-block-uagb-buttons uagb-buttons__outer-wrap uagb-btn__default-btn uagb-btn-tablet__default-btn uagb-btn-mobile__default-btn uagb-block-dfb686a2\"><div class=\"uagb-buttons__wrap uagb-buttons-layout-wrap\">\n<div class=\"wp-block-uagb-buttons-child uagb-buttons__outer-wrap uagb-block-a058b209 wp-block-button\"><div class=\"uagb-button__wrapper\"><a class=\"uagb-buttons-repeater wp-block-button__link has-background has-text-color\" href=\"\/fr\/talaneco.com\/german-language-level-b2\/\" onclick=\"return true;\" rel=\"follow noopener\" target=\"_self\"><div class=\"uagb-button__link\">En savoir plus<\/div><\/a><\/div><\/div>\n<\/div><\/div>\n<a class=\"spectra-container-link-overlay\" rel=\"noopener\" href=\"https:\/\/talaneco.com\/fr\/german-language-level-b2\/\"> <\/a><\/div>\n\n\n\n<div class=\"wp-block-uagb-container uagb-block-3dc684ed\">\n<div class=\"wp-block-uagb-advanced-heading uagb-block-5514cc10\"><h6 class=\"uagb-heading-text\">Langue allemande<\/h6><\/div>\n\n\n\n<div class=\"wp-block-uagb-advanced-heading uagb-block-56293e4f\"><h4 class=\"uagb-heading-text\">C1<\/h4><p class=\"uagb-desc-text\">Type de cours : En ligne<br>Fees: 6.000 MAD<\/p><\/div>\n\n\n\n<div class=\"wp-block-uagb-buttons uagb-buttons__outer-wrap uagb-btn__default-btn uagb-btn-tablet__default-btn uagb-btn-mobile__default-btn uagb-block-dea87945\"><div class=\"uagb-buttons__wrap uagb-buttons-layout-wrap\">\n<div class=\"wp-block-uagb-buttons-child uagb-buttons__outer-wrap uagb-block-a13f1acf wp-block-button\"><div class=\"uagb-button__wrapper\"><a class=\"uagb-buttons-repeater wp-block-button__link has-background has-text-color\" href=\"\/fr\/talaneco.com\/german-language-level-c1\/\" onclick=\"return true;\" rel=\"follow noopener\" target=\"_self\"><div class=\"uagb-button__link\">En savoir plus<\/div><\/a><\/div><\/div>\n<\/div><\/div>\n<a class=\"spectra-container-link-overlay\" rel=\"noopener\" href=\"https:\/\/talaneco.com\/fr\/german-language-level-c1\/\"> <\/a><\/div>\n\n\n\n<div class=\"wp-block-uagb-container uagb-block-7190d27b\">\n<div class=\"wp-block-uagb-advanced-heading uagb-block-b854331d\"><h6 class=\"uagb-heading-text\">Langue allemande<\/h6><\/div>\n\n\n\n<div class=\"wp-block-uagb-advanced-heading uagb-block-f0a07493\"><h4 class=\"uagb-heading-text\">C2<\/h4><p class=\"uagb-desc-text\">Type de cours : En ligne<br>Fees: 6.000 MAD<\/p><\/div>\n\n\n\n<div class=\"wp-block-uagb-buttons uagb-buttons__outer-wrap uagb-btn__default-btn uagb-btn-tablet__default-btn uagb-btn-mobile__default-btn uagb-block-654ad245\"><div class=\"uagb-buttons__wrap uagb-buttons-layout-wrap\">\n<div class=\"wp-block-uagb-buttons-child uagb-buttons__outer-wrap uagb-block-e45c9ab4 wp-block-button\"><div class=\"uagb-button__wrapper\"><a class=\"uagb-buttons-repeater wp-block-button__link has-background has-text-color\" href=\"\/fr\/talaneco.com\/german-language-level-c2\/\" onclick=\"return true;\" rel=\"follow noopener\" target=\"_self\"><div class=\"uagb-button__link\">En savoir plus<\/div><\/a><\/div><\/div>\n<\/div><\/div>\n<a class=\"spectra-container-link-overlay\" rel=\"noopener\" href=\"https:\/\/talaneco.com\/fr\/german-language-level-c2\/\"> <\/a><\/div>\n<\/div>\n\n\n\n<div id=\"German-GAAP\" class=\"wp-block-uagb-container uagb-block-8a77c88a\">\n<div class=\"wp-block-uagb-container uagb-block-a1b71fd6\">\n<div class=\"wp-block-uagb-advanced-heading uagb-block-f01661ae\"><h6 class=\"uagb-heading-text\">Normes comptables allemandes<\/h6><\/div>\n\n\n\n<div class=\"wp-block-uagb-advanced-heading uagb-block-c8e67f15\"><h4 class=\"uagb-heading-text\">Tenue de livres &amp; Comptabilit\u00e9<\/h4><p class=\"uagb-desc-text\">Type de cours : En ligne<br>Frais: 9.000 MAD<\/p><\/div>\n\n\n\n<div class=\"wp-block-uagb-buttons uagb-buttons__outer-wrap uagb-btn__default-btn uagb-btn-tablet__default-btn uagb-btn-mobile__default-btn uagb-block-0bd09090\"><div class=\"uagb-buttons__wrap uagb-buttons-layout-wrap\">\n<div class=\"wp-block-uagb-buttons-child uagb-buttons__outer-wrap uagb-block-c1f58d51 wp-block-button\"><div class=\"uagb-button__wrapper\"><a class=\"uagb-buttons-repeater wp-block-button__link has-background has-text-color\" href=\"\/fr\/talaneco.com\/bookkeeping-accounting\/\" onclick=\"return true;\" rel=\"follow noopener\" target=\"_self\"><div class=\"uagb-button__link\">En savoir plus<\/div><\/a><\/div><\/div>\n<\/div><\/div>\n<a class=\"spectra-container-link-overlay\" rel=\"noopener\" href=\"https:\/\/talaneco.com\/fr\/bookkeeping-accounting\/\"> <\/a><\/div>\n\n\n\n<div class=\"wp-block-uagb-container uagb-block-73c51a21\">\n<div class=\"wp-block-uagb-advanced-heading uagb-block-f573e52b\"><h6 class=\"uagb-heading-text\">Normes comptables allemandes<\/h6><\/div>\n\n\n\n<div class=\"wp-block-uagb-advanced-heading uagb-block-3bea6120\"><h4 class=\"uagb-heading-text\">Etats financiers<\/h4><p class=\"uagb-desc-text\">Type de cours : En ligne<br>Frais: 13.000 MAD<\/p><\/div>\n\n\n\n<div class=\"wp-block-uagb-buttons uagb-buttons__outer-wrap uagb-btn__default-btn uagb-btn-tablet__default-btn uagb-btn-mobile__default-btn uagb-block-4bcc6979\"><div class=\"uagb-buttons__wrap uagb-buttons-layout-wrap\">\n<div class=\"wp-block-uagb-buttons-child uagb-buttons__outer-wrap uagb-block-649ec3da wp-block-button\"><div class=\"uagb-button__wrapper\"><a class=\"uagb-buttons-repeater wp-block-button__link has-background has-text-color\" href=\"\/fr\/talaneco.com\/financial-statements\/\" onclick=\"return true;\" rel=\"follow noopener\" target=\"_self\"><div class=\"uagb-button__link\">En savoir plus<\/div><\/a><\/div><\/div>\n<\/div><\/div>\n<a class=\"spectra-container-link-overlay\" rel=\"noopener\" href=\"https:\/\/talaneco.com\/fr\/financial-statements\/\"> <\/a><\/div>\n\n\n\n<div class=\"wp-block-uagb-container uagb-block-8b5311b4\">\n<div class=\"wp-block-uagb-advanced-heading uagb-block-f3a46283\"><h6 class=\"uagb-heading-text\">Normes comptables allemandes<\/h6><\/div>\n\n\n\n<div class=\"wp-block-uagb-advanced-heading uagb-block-9bfb0fbb\"><h4 class=\"uagb-heading-text\">Comptabilit\u00e9 fiscale<\/h4><p class=\"uagb-desc-text\">Type de cours : En ligne<br>Frais: 13.000 MAD<\/p><\/div>\n\n\n\n<div class=\"wp-block-uagb-buttons uagb-buttons__outer-wrap uagb-btn__default-btn uagb-btn-tablet__default-btn uagb-btn-mobile__default-btn uagb-block-1462194f\"><div class=\"uagb-buttons__wrap uagb-buttons-layout-wrap\">\n<div class=\"wp-block-uagb-buttons-child uagb-buttons__outer-wrap uagb-block-71580531 wp-block-button\"><div class=\"uagb-button__wrapper\"><a class=\"uagb-buttons-repeater wp-block-button__link has-background has-text-color\" href=\"\/fr\/talaneco.com\/tax-accounting\/\" onclick=\"return true;\" rel=\"follow noopener\" target=\"_self\"><div class=\"uagb-button__link\">En savoir plus<\/div><\/a><\/div><\/div>\n<\/div><\/div>\n<a class=\"spectra-container-link-overlay\" rel=\"noopener\" href=\"https:\/\/talaneco.com\/fr\/tax-accounting\/\"> <\/a><\/div>\n<\/div>\n\n\n\n<div id=\"Software-Skills\" class=\"wp-block-uagb-container uagb-block-4de67d82\">\n<div class=\"wp-block-uagb-container uagb-block-82aeb583\">\n<div class=\"wp-block-uagb-advanced-heading uagb-block-69f8648a\"><h6 class=\"uagb-heading-text\">Comp\u00e9tences en logiciels<\/h6><\/div>\n\n\n\n<div class=\"wp-block-uagb-advanced-heading uagb-block-98d4481d\"><h4 class=\"uagb-heading-text\">Logiciel de comptabilit\u00e9<\/h4><p class=\"uagb-desc-text\">Type de cours : En ligne<br>Frais: 2.000 MAD<\/p><\/div>\n\n\n\n<div class=\"wp-block-uagb-buttons uagb-buttons__outer-wrap uagb-btn__default-btn uagb-btn-tablet__default-btn uagb-btn-mobile__default-btn uagb-block-b5413c63\"><div class=\"uagb-buttons__wrap uagb-buttons-layout-wrap\">\n<div class=\"wp-block-uagb-buttons-child uagb-buttons__outer-wrap uagb-block-f4c85d31 wp-block-button\"><div class=\"uagb-button__wrapper\"><a class=\"uagb-buttons-repeater wp-block-button__link has-background has-text-color\" href=\"\/fr\/talaneco.com\/accounting-software\/\" onclick=\"return true;\" rel=\"follow noopener\" target=\"_self\"><div class=\"uagb-button__link\">En savoir plus<\/div><\/a><\/div><\/div>\n<\/div><\/div>\n<a class=\"spectra-container-link-overlay\" rel=\"noopener\" href=\"https:\/\/talaneco.com\/fr\/accounting-software\/\"> <\/a><\/div>\n\n\n\n<div class=\"wp-block-uagb-container uagb-block-b6fd7427\">\n<div class=\"wp-block-uagb-advanced-heading uagb-block-510502cc\"><h6 class=\"uagb-heading-text\">Comp\u00e9tences en logiciels<\/h6><\/div>\n\n\n\n<div class=\"wp-block-uagb-advanced-heading uagb-block-b26ed43d\"><h4 class=\"uagb-heading-text\">Excel<\/h4><p class=\"uagb-desc-text\">Type de cours : En ligne<br>Frais: 1.500 MAD<\/p><\/div>\n\n\n\n<div class=\"wp-block-uagb-buttons uagb-buttons__outer-wrap uagb-btn__default-btn uagb-btn-tablet__default-btn uagb-btn-mobile__default-btn uagb-block-684fe95e\"><div class=\"uagb-buttons__wrap uagb-buttons-layout-wrap\">\n<div class=\"wp-block-uagb-buttons-child uagb-buttons__outer-wrap uagb-block-22c9e331 wp-block-button\"><div class=\"uagb-button__wrapper\"><a class=\"uagb-buttons-repeater wp-block-button__link has-background has-text-color\" href=\"\/fr\/talaneco.com\/excel\/\" onclick=\"return true;\" rel=\"follow noopener\" target=\"_self\"><div class=\"uagb-button__link\">En savoir plus<\/div><\/a><\/div><\/div>\n<\/div><\/div>\n<a class=\"spectra-container-link-overlay\" rel=\"noopener\" href=\"https:\/\/talaneco.com\/fr\/excel\/\"> <\/a><\/div>\n\n\n\n<div class=\"wp-block-uagb-container uagb-block-581cf489\">\n<div class=\"wp-block-uagb-advanced-heading uagb-block-7e1f5f6c\"><h6 class=\"uagb-heading-text\">Comp\u00e9tences en logiciels<\/h6><\/div>\n\n\n\n<div class=\"wp-block-uagb-advanced-heading uagb-block-91accfc2\"><h4 class=\"uagb-heading-text\">PowerPoint<\/h4><p class=\"uagb-desc-text\">Type de cours : En ligne<br>Frais: 1.500 MAD<\/p><\/div>\n\n\n\n<div class=\"wp-block-uagb-buttons uagb-buttons__outer-wrap uagb-btn__default-btn uagb-btn-tablet__default-btn uagb-btn-mobile__default-btn uagb-block-ee80bec1\"><div class=\"uagb-buttons__wrap uagb-buttons-layout-wrap\">\n<div class=\"wp-block-uagb-buttons-child uagb-buttons__outer-wrap uagb-block-6d10fa29 wp-block-button\"><div class=\"uagb-button__wrapper\"><a class=\"uagb-buttons-repeater wp-block-button__link has-background has-text-color\" href=\"\/fr\/talaneco.com\/powerpoint\/\" onclick=\"return true;\" rel=\"follow noopener\" target=\"_self\"><div class=\"uagb-button__link\">En savoir plus<\/div><\/a><\/div><\/div>\n<\/div><\/div>\n<a class=\"spectra-container-link-overlay\" rel=\"noopener\" href=\"https:\/\/talaneco.com\/fr\/powerpoint\/\"> <\/a><\/div>\n<\/div>\n<\/div><\/div>\n\n\n\n<div class=\"wp-block-uagb-container uagb-block-430c20c0 alignfull uagb-is-root-container\"><div class=\"uagb-container-inner-blocks-wrap\">\n<div class=\"wp-block-uagb-container uagb-block-793ddc49\">\n<div class=\"wp-block-uagb-advanced-heading uagb-block-07e84475\"><h2 class=\"uagb-heading-text\">Comment tout cela fonctionne<\/h2><\/div>\n\n\n\n<div class=\"wp-block-uagb-advanced-heading uagb-block-d3726563\"><h5 class=\"uagb-heading-text\">Les cours dont vous avez besoin d\u00e9pendent de vos objectifs.<br><br>Parlez-nous de vos espoirs, ambitions et r\u00eaves.<br><br>Ensemble, nous pouvons les r\u00e9aliser.<br><\/h5><\/div>\n<\/div>\n\n\n\n<div class=\"wp-block-uagb-container uagb-block-8cca1d26\"><\/div>\n\n\n\n<div class=\"wp-block-uagb-container uagb-block-04ba3ef1\">\n<div class=\"wp-block-uagb-container uagb-block-12579f5f\">\n<div class=\"wp-block-uagb-container uagb-block-47d8fb92\">\n<div class=\"wp-block-uagb-advanced-heading uagb-block-564f96a3\"><h2 class=\"uagb-heading-text\">1<\/h2><\/div>\n<\/div>\n\n\n\n<div class=\"wp-block-uagb-container uagb-block-3494e349\">\n<div class=\"wp-block-uagb-advanced-heading uagb-block-47824f26\"><h4 class=\"uagb-heading-text\"><a href=\"https:\/\/talaneco.com\/fr\/contact\/\" data-type=\"page\" data-id=\"63\">Contactez-nous<\/a><\/h4><p class=\"uagb-desc-text\">Entrez en contact avec nous. Nous vous aiderons \u00e0 trouver le cours qui correspond \u00e0 vos objectifs personnels et professionnels ainsi qu'\u00e0 vos besoins.<\/p><\/div>\n<\/div>\n<\/div>\n\n\n\n<div class=\"wp-block-uagb-container uagb-block-4817eac9\">\n<div class=\"wp-block-uagb-container uagb-block-3001a80c\">\n<div class=\"wp-block-uagb-advanced-heading uagb-block-0cd12861\"><h2 class=\"uagb-heading-text\">2<\/h2><\/div>\n<\/div>\n\n\n\n<div class=\"wp-block-uagb-container uagb-block-963bcc12\">\n<div class=\"wp-block-uagb-advanced-heading uagb-block-1d6fe7cc\"><h4 class=\"uagb-heading-text\">Prenez part au cours<\/h4><p class=\"uagb-desc-text\">Avec nous, vous d\u00e9velopperez vos comp\u00e9tences en langue allemande, en normes comptables allemandes et dans d'autres domaines.<\/p><\/div>\n<\/div>\n<\/div>\n\n\n\n<div class=\"wp-block-uagb-container uagb-block-2136f4bc\">\n<div class=\"wp-block-uagb-container uagb-block-1c0bf563\">\n<div class=\"wp-block-uagb-advanced-heading uagb-block-dcee536a\"><h2 class=\"uagb-heading-text\">3<\/h2><\/div>\n<\/div>\n\n\n\n<div class=\"wp-block-uagb-container uagb-block-0dad73de\">\n<div class=\"wp-block-uagb-advanced-heading uagb-block-8750e02b\"><h4 class=\"uagb-heading-text\">D\u00e9marrez votre avenir<\/h4><p class=\"uagb-desc-text\">Gr\u00e2ce \u00e0 nos bonnes relations avec des entreprises allemandes de tous secteurs, nous sommes en mesure de vous accompagner \u00e0 chaque \u00e9tape de votre carri\u00e8re.<\/p><\/div>\n<\/div>\n<\/div>\n<\/div>\n<\/div><\/div>\n\n\n\n<div data-aos= \"slide-up\" data-aos-duration=\"400\" data-aos-delay=\"0\" data-aos-easing=\"ease\" data-aos-once=\"true\" class=\"wp-block-uagb-container uagb-block-e01b3239 alignwide uagb-is-root-container\">\n<div class=\"wp-block-uagb-call-to-action uagb-block-930fd1bf wp-block-button\"><div class=\"uagb-cta__wrap\"><h3 class=\"uagb-cta__title\">Le futur, c'est maintenant.<\/h3><p class=\"uagb-cta__desc\">Entrez en contact avec nous. <br>Nous trouverons le cours qui vous convient et correspond \u00e0 vos besoins. <\/p><\/div><div class=\"uagb-cta__buttons\"><a href=\"https:\/\/talaneco.com\/fr\/contact\/\" class=\"uagb-cta__button-link-wrapper wp-block-button__link\" target=\"_self\" rel=\"noopener noreferrer\">Contactez-nous<\/a><\/div><\/div>\n<a class=\"spectra-container-link-overlay\" rel=\"noopener\" href=\"https:\/\/talaneco.com\/fr\/contact\/\"> <\/a><\/div>\n\n\n\n<div class=\"wp-block-uagb-container uagb-block-eed2bf05 alignfull uagb-is-root-container\"><div class=\"uagb-container-inner-blocks-wrap\">\n<div class=\"wp-block-uagb-container uagb-block-a02f3612\">\n<div class=\"wp-block-uagb-container uagb-block-1c036dee\">\n<div class=\"wp-block-uagb-info-box uagb-block-186f8466 uagb-infobox__content-wrap  uagb-infobox-icon-above-title uagb-infobox-image-valign-top\"><div class=\"uagb-ifb-content\"><div class=\"uagb-ifb-icon-wrap\"><svg xmlns=\"https:\/\/www.w3.org\/2000\/svg\" viewbox=\"0 0 512 512\"><path d=\"M45.63 79.75L52 81.25v58.5C45 143.9 40 151.3 40 160c0 8.375 4.625 15.38 11.12 19.75L35.5 242C33.75 248.9 37.63 256 43.13 256h41.75c5.5 0 9.375-7.125 7.625-13.1L76.88 179.8C83.38 175.4 88 168.4 88 160c0-8.75-5-16.12-12-20.25V87.13L128 99.63l.001 60.37c0 70.75 57.25 128 128 128s127.1-57.25 127.1-128L384 99.62l82.25-19.87c18.25-4.375 18.25-27 0-31.5l-190.4-46c-13-3-26.62-3-39.63 0l-190.6 46C27.5 52.63 27.5 75.38 45.63 79.75zM359.2 312.8l-103.2 103.2l-103.2-103.2c-69.93 22.3-120.8 87.2-120.8 164.5C32 496.5 47.53 512 66.67 512h378.7C464.5 512 480 496.5 480 477.3C480 400 429.1 335.1 359.2 312.8z\"><\/path><\/svg><\/div><div class=\"uagb-ifb-title-wrap\"><h4 class=\"uagb-ifb-title\">Tuteurs experts<\/h4><\/div><p class=\"uagb-ifb-desc\">Nous n'acceptons rien de moins que le meilleur. C'est notre approche, c'est pourquoi nous ne travaillons qu'avec des tuteurs ayant fait leurs preuves dans l'\u00e9ducation des professionnels.<\/p><\/div><\/div>\n<\/div>\n\n\n\n<div class=\"wp-block-uagb-container uagb-block-e58064b0\">\n<div class=\"wp-block-uagb-info-box uagb-block-077d7226 uagb-infobox__content-wrap  uagb-infobox-icon-above-title uagb-infobox-image-valign-top\"><div class=\"uagb-ifb-content\"><div class=\"uagb-ifb-icon-wrap\"><svg xmlns=\"https:\/\/www.w3.org\/2000\/svg\" viewbox=\"0 0 640 512\"><path d=\"M622.3 271.1l-115.1-45.01c-4.125-1.629-12.62-3.754-22.25 0L369.8 271.1C359 275.2 352 285.1 352 295.1c0 111.6 68.75 188.8 132.9 213.9c9.625 3.75 18 1.625 22.25 0C558.4 489.9 640 420.5 640 295.1C640 285.1 633 275.2 622.3 271.1zM496 462.4V273.2l95.5 37.38C585.9 397.8 530.6 446 496 462.4zM224 256c70.7 0 128-57.31 128-128S294.7 0 224 0C153.3 0 96 57.31 96 128S153.3 256 224 256zM320.6 310.3C305.9 306.3 290.6 304 274.7 304H173.3C77.61 304 0 381.7 0 477.4C0 496.5 15.52 512 34.66 512H413.3c3.143 0 5.967-1.004 8.861-1.789C369.7 469.8 324.1 400.3 320.6 310.3z\"><\/path><\/svg><\/div><div class=\"uagb-ifb-title-wrap\"><h4 class=\"uagb-ifb-title\">Des supports de cours de premi\u00e8re qualit\u00e9<\/h4><\/div><p class=\"uagb-ifb-desc\">Nous utilisons des tutoriels en direct, des tutoriels vid\u00e9o, des quiz, des scripts et une vari\u00e9t\u00e9 d'exercices pour vous aider \u00e0 acqu\u00e9rir une connaissance approfondie de mani\u00e8re tr\u00e8s efficace. <\/p><\/div><\/div>\n<\/div>\n\n\n\n<div class=\"wp-block-uagb-container uagb-block-175c940b\">\n<div class=\"wp-block-uagb-info-box uagb-block-c3d2d7ff uagb-infobox__content-wrap  uagb-infobox-icon-above-title uagb-infobox-image-valign-top\"><div class=\"uagb-ifb-content\"><div class=\"uagb-ifb-icon-wrap\"><svg xmlns=\"https:\/\/www.w3.org\/2000\/svg\" viewbox=\"0 0 320 512\"><path d=\"M160 0C177.7 0 192 14.33 192 32V67.68C193.6 67.89 195.1 68.12 196.7 68.35C207.3 69.93 238.9 75.02 251.9 78.31C268.1 82.65 279.4 100.1 275 117.2C270.7 134.3 253.3 144.7 236.1 140.4C226.8 137.1 198.5 133.3 187.3 131.7C155.2 126.9 127.7 129.3 108.8 136.5C90.52 143.5 82.93 153.4 80.92 164.5C78.98 175.2 80.45 181.3 82.21 185.1C84.1 189.1 87.79 193.6 95.14 198.5C111.4 209.2 136.2 216.4 168.4 225.1L171.2 225.9C199.6 233.6 234.4 243.1 260.2 260.2C274.3 269.6 287.6 282.3 295.8 299.9C304.1 317.7 305.9 337.7 302.1 358.1C295.1 397 268.1 422.4 236.4 435.6C222.8 441.2 207.8 444.8 192 446.6V480C192 497.7 177.7 512 160 512C142.3 512 128 497.7 128 480V445.1C127.6 445.1 127.1 444.1 126.7 444.9L126.5 444.9C102.2 441.1 62.07 430.6 35 418.6C18.85 411.4 11.58 392.5 18.76 376.3C25.94 360.2 44.85 352.9 60.1 360.1C81.9 369.4 116.3 378.5 136.2 381.6C168.2 386.4 194.5 383.6 212.3 376.4C229.2 369.5 236.9 359.5 239.1 347.5C241 336.8 239.6 330.7 237.8 326.9C235.9 322.9 232.2 318.4 224.9 313.5C208.6 302.8 183.8 295.6 151.6 286.9L148.8 286.1C120.4 278.4 85.58 268.9 59.76 251.8C45.65 242.4 32.43 229.7 24.22 212.1C15.89 194.3 14.08 174.3 17.95 153C25.03 114.1 53.05 89.29 85.96 76.73C98.98 71.76 113.1 68.49 128 66.73V32C128 14.33 142.3 0 160 0V0z\"><\/path><\/svg><\/div><div class=\"uagb-ifb-title-wrap\"><h4 class=\"uagb-ifb-title\">Des prix abordables<\/h4><\/div><p class=\"uagb-ifb-desc\">Bien que vous puissiez trouver des cours moins chers, vous ne trouverez pas ceux qui peuvent \u00e9galer la qualit\u00e9 et le prix des n\u00f4tres. Vous ne regretterez pas de nous avoir choisis. Nous vous le promettons.<\/p><\/div><\/div>\n<\/div>\n<\/div>\n<\/div><\/div>","protected":false},"excerpt":{"rendered":"<p>Looking for a job perspective in a German context? German Language A1 Course type: OnlineFees: 6.000 MAD German Language A2 Course type: OnlineFees: 6.000 MAD German Language B1 Course type: OnlineFees: 6.000 MAD German Language B2 Course type: OnlineFees: 6.000 MAD German Language C1 Course type: OnlineFees: 6.000 MAD German Language C2 Course type: OnlineFees: [&hellip;]<\/p>","protected":false},"author":1,"featured_media":0,"parent":0,"menu_order":0,"comment_status":"closed","ping_status":"closed","template":"","meta":{"content-type":"","_uag_custom_page_level_css":"","swt_meta_header_display":false,"swt_meta_footer_display":false,"swt_meta_site_title_display":false,"swt_meta_sticky_header":false,"swt_meta_transparent_header":false},"uagb_featured_image_src":{"full":false,"thumbnail":false,"medium":false,"medium_large":false,"large":false,"1536x1536":false,"2048x2048":false,"trp-custom-language-flag":false,"bloom_image":false},"uagb_author_info":{"display_name":"admin","author_link":"https:\/\/talaneco.com\/fr\/author\/admin\/"},"uagb_comment_info":0,"uagb_excerpt":"Looking for a job perspective in a German context? German Language A1 Course type: OnlineFees: 6.000 MAD German Language A2 Course type: OnlineFees: 6.000 MAD German Language B1 Course type: OnlineFees: 6.000 MAD German Language B2 Course type: OnlineFees: 6.000 MAD German Language C1 Course type: OnlineFees: 6.000 MAD German Language C2 Course type: OnlineFees:\u2026","_links":{"self":[{"href":"https:\/\/talaneco.com\/fr\/wp-json\/wp\/v2\/pages\/60"}],"collection":[{"href":"https:\/\/talaneco.com\/fr\/wp-json\/wp\/v2\/pages"}],"about":[{"href":"https:\/\/talaneco.com\/fr\/wp-json\/wp\/v2\/types\/page"}],"author":[{"embeddable":true,"href":"https:\/\/talaneco.com\/fr\/wp-json\/wp\/v2\/users\/1"}],"replies":[{"embeddable":true,"href":"https:\/\/talaneco.com\/fr\/wp-json\/wp\/v2\/comments?post=60"}],"version-history":[{"count":206,"href":"https:\/\/talaneco.com\/fr\/wp-json\/wp\/v2\/pages\/60\/revisions"}],"predecessor-version":[{"id":1802,"href":"https:\/\/talaneco.com\/fr\/wp-json\/wp\/v2\/pages\/60\/revisions\/1802"}],"wp:attachment":[{"href":"https:\/\/talaneco.com\/fr\/wp-json\/wp\/v2\/media?parent=60"}],"curies":[{"name":"wp","href":"https:\/\/api.w.org\/{rel}","templated":true}]}}