{"id":61,"date":"2023-05-13T20:45:31","date_gmt":"2023-05-13T20:45:31","guid":{"rendered":"https:\/\/talaneco.com\/?page_id=61"},"modified":"2023-06-16T00:01:10","modified_gmt":"2023-06-16T00:01:10","slug":"german-language-level-a1","status":"publish","type":"page","link":"https:\/\/talaneco.com\/fr\/courses\/german-language-level-a1\/","title":{"rendered":"German &#8211; Level A1"},"content":{"rendered":"<div class=\"wp-block-uagb-container uagb-block-767b5c7b alignfull uagb-is-root-container\"><div class=\"uagb-container-inner-blocks-wrap\">\n<div class=\"wp-block-uagb-container uagb-block-c0a81020\">\n<div class=\"wp-block-uagb-advanced-heading uagb-block-637d2a58\"><h1 class=\"uagb-heading-text\">Langue allemande<\/h1><\/div>\n\n\n\n<div class=\"wp-block-uagb-advanced-heading uagb-block-9d4f33ef\"><h2 class=\"uagb-heading-text\">Niveau A1<\/h2><\/div>\n<\/div>\n<\/div><\/div>\n\n\n\n<div class=\"wp-block-uagb-container uagb-block-d6cc8afe alignfull uagb-is-root-container\"><div class=\"uagb-container-inner-blocks-wrap\">\n<div class=\"wp-block-uagb-container uagb-block-14897714\">\n<div class=\"wp-block-uagb-advanced-heading uagb-block-e34bc21f\"><h2 class=\"uagb-heading-text\">Vos premiers pas pour apprendre l'allemand<\/h2><\/div>\n\n\n\n<p style=\"margin-top:0;margin-right:0;margin-bottom:0;margin-left:0\">Le certificat Goethe A1 est un examen d'allemand qui confirme les comp\u00e9tences linguistiques de base au premier niveau (A1) de l'\u00e9chelle de comp\u00e9tence \u00e0 six niveaux du Cadre europ\u00e9en commun de r\u00e9f\u00e9rence pour les langues (CECRL). <\/p>\n\n\n\n<p style=\"margin-top:0;margin-right:0;margin-bottom:0;margin-left:0\">Dans nos cours, vous allez acqu\u00e9rir des connaissances de base de la langue allemande et serez capable de mener des conversations simples (par exemple, vous pr\u00e9senter et pr\u00e9senter d'autres personnes, parler de shopping, du travail, etc.) en utilisant et en comprenant des expressions et des phrases fr\u00e9quemment utilis\u00e9es.<\/p>\n\n\n\n<p style=\"margin-top:0;margin-right:0;margin-bottom:0;margin-left:0\">Le certificat Goethe A1 est requis si vous souhaitez postuler en tant qu'au pair en Allemagne et pour les proc\u00e9dures de regroupement familial.<\/p>\n\n\n\n<div class=\"wp-block-uagb-container uagb-block-41a12e57\">\n<div class=\"wp-block-uagb-container uagb-block-fd901332\">\n<div class=\"wp-block-uagb-container uagb-block-e1d8fd55\">\n<div class=\"wp-block-uagb-advanced-heading uagb-block-06e27323\"><h1 class=\"uagb-heading-text\"><strong>A1.1<\/strong><\/h1><\/div>\n<\/div>\n\n\n\n<p><\/p>\n\n\n\n<ul class=\"has-small-font-size\" style=\"margin-top:0;margin-right:0;margin-bottom:0;margin-left:0\">\n<li style=\"font-size:13px\"><strong>31.07.2023 &#8211; 18.09.2023<\/strong><\/li>\n\n\n\n<li style=\"font-size:13px\">Lun, Mer: 08:30 \u2013 13:00<\/li>\n\n\n\n<li style=\"font-size:13px\">Frais: 2.000 MAD<\/li>\n<\/ul>\n\n\n\n<p><\/p>\n\n\n\n<div class=\"wp-block-uagb-buttons uagb-buttons__outer-wrap uagb-btn__default-btn uagb-btn-tablet__default-btn uagb-btn-mobile__default-btn uagb-block-88d5f7d7\"><div class=\"uagb-buttons__wrap uagb-buttons-layout-wrap\">\n<div class=\"wp-block-uagb-buttons-child uagb-buttons__outer-wrap uagb-block-973b25f4 wp-block-button\"><div class=\"uagb-button__wrapper\"><a class=\"uagb-buttons-repeater wp-block-button__link has-background has-text-color\" href=\"https:\/\/talaneco.com\/fr\/contact\/\" onclick=\"return true;\" rel=\"follow noopener\" target=\"_self\"><div class=\"uagb-button__link\">Je m'inscris<\/div><\/a><\/div><\/div>\n<\/div><\/div>\n<\/div>\n\n\n\n<div class=\"wp-block-uagb-container uagb-block-781a8e18\">\n<div class=\"wp-block-columns is-layout-flex wp-container-2\">\n<div class=\"wp-block-column is-layout-flow\">\n<div class=\"wp-block-uagb-advanced-heading uagb-block-84cc327b\"><h5 class=\"uagb-heading-text\">Ce que vous apprendrez dans le module A1.1.<\/h5><\/div>\n\n\n\n<p>Notre cours A1.1 pose les bases de l'apprentissage de la langue allemande. Au cours de ce niveau, des connaissances de base sont transmises dans les domaines du vocabulaire, de la grammaire et de la prononciation. Les apprenants sont capables de comprendre et d'utiliser des expressions simples de la vie quotidienne.<\/p>\n<\/div>\n<\/div>\n<\/div>\n<\/div>\n\n\n\n<div class=\"wp-block-uagb-container uagb-block-5266891c\">\n<div class=\"wp-block-uagb-container uagb-block-b05098fc\">\n<div class=\"wp-block-uagb-container uagb-block-66d5ff20\">\n<div class=\"wp-block-uagb-advanced-heading uagb-block-39cb162f\"><h1 class=\"uagb-heading-text\"><strong>A1.2<\/strong><\/h1><\/div>\n<\/div>\n\n\n\n<p><\/p>\n\n\n\n<ul class=\"has-small-font-size\" style=\"margin-top:0;margin-right:0;margin-bottom:0;margin-left:0\">\n<li style=\"font-size:13px\"><strong>20.09.2023 &#8211; 08.11.2023<\/strong><\/li>\n\n\n\n<li style=\"font-size:13px\">Lun, Mer: 08:30 \u2013 13:00<\/li>\n\n\n\n<li style=\"font-size:13px\">Frais: 2.000 MAD<\/li>\n<\/ul>\n\n\n\n<p><\/p>\n\n\n\n<div class=\"wp-block-uagb-buttons uagb-buttons__outer-wrap uagb-btn__default-btn uagb-btn-tablet__default-btn uagb-btn-mobile__default-btn uagb-block-f20547a3\"><div class=\"uagb-buttons__wrap uagb-buttons-layout-wrap\">\n<div class=\"wp-block-uagb-buttons-child uagb-buttons__outer-wrap uagb-block-aaf5a85c wp-block-button\"><div class=\"uagb-button__wrapper\"><a class=\"uagb-buttons-repeater wp-block-button__link has-background has-text-color\" href=\"https:\/\/talaneco.com\/fr\/contact\/\" onclick=\"return true;\" rel=\"follow noopener\" target=\"_self\"><div class=\"uagb-button__link\">Je m'inscris<\/div><\/a><\/div><\/div>\n<\/div><\/div>\n<\/div>\n\n\n\n<div class=\"wp-block-uagb-container uagb-block-31cbc023\">\n<div class=\"wp-block-columns is-layout-flex wp-container-4\">\n<div class=\"wp-block-column is-layout-flow\">\n<div class=\"wp-block-uagb-advanced-heading uagb-block-cae76da0\"><h5 class=\"uagb-heading-text\">Ce que vous apprendrez dans le module A1.2.<\/h5><\/div>\n\n\n\n<p>Dans notre cours A1.2, vos connaissances et comp\u00e9tences sont d\u00e9velopp\u00e9es davantage. Plus de vocabulaire et de structures grammaticales sont introduits pour permettre la communication dans diff\u00e9rentes situations de la vie quotidienne. Vous pouvez participer \u00e0 des conversations simples, comprendre et reproduire des informations sur des sujets familiers.<\/p>\n<\/div>\n<\/div>\n<\/div>\n<\/div>\n\n\n\n<div class=\"wp-block-uagb-container uagb-block-2aacee11\">\n<div class=\"wp-block-uagb-container uagb-block-dd13973d\">\n<div class=\"wp-block-uagb-container uagb-block-8a58e283\">\n<div class=\"wp-block-uagb-advanced-heading uagb-block-7106bee8\"><h1 class=\"uagb-heading-text\"><strong>A1.3<\/strong><\/h1><\/div>\n<\/div>\n\n\n\n<p><\/p>\n\n\n\n<ul class=\"has-small-font-size\" style=\"margin-top:0;margin-right:0;margin-bottom:0;margin-left:0\">\n<li style=\"font-size:13px\"><strong>13.11.2023 &#8211; 08.01.2024<\/strong><\/li>\n\n\n\n<li style=\"font-size:13px\">Lun, Mer: 08:30 \u2013 13:00<\/li>\n\n\n\n<li style=\"font-size:13px\">Frais: 2.000 MAD<\/li>\n<\/ul>\n\n\n\n<p><\/p>\n\n\n\n<div class=\"wp-block-uagb-buttons uagb-buttons__outer-wrap uagb-btn__default-btn uagb-btn-tablet__default-btn uagb-btn-mobile__default-btn uagb-block-f1827663\"><div class=\"uagb-buttons__wrap uagb-buttons-layout-wrap\">\n<div class=\"wp-block-uagb-buttons-child uagb-buttons__outer-wrap uagb-block-b9b282e4 wp-block-button\"><div class=\"uagb-button__wrapper\"><a class=\"uagb-buttons-repeater wp-block-button__link has-background has-text-color\" href=\"https:\/\/talaneco.com\/fr\/contact\/\" onclick=\"return true;\" rel=\"follow noopener\" target=\"_self\"><div class=\"uagb-button__link\">Je m'inscris<\/div><\/a><\/div><\/div>\n<\/div><\/div>\n<\/div>\n\n\n\n<div class=\"wp-block-uagb-container uagb-block-3ba00eb4\">\n<div class=\"wp-block-columns is-layout-flex wp-container-6\">\n<div class=\"wp-block-column is-layout-flow\">\n<div class=\"wp-block-uagb-advanced-heading uagb-block-6c87ed00\"><h5 class=\"uagb-heading-text\">Ce que vous apprendrez dans le module A1.3.<\/h5><\/div>\n\n\n\n<p>A1.3 repr\u00e9sente le stade avanc\u00e9 du niveau A1. Ici, vous \u00eates capable de communiquer dans des situations de la vie quotidienne suppl\u00e9mentaires et d'\u00e9largir vos comp\u00e9tences linguistiques. Vous pouvez lire des textes plus longs, r\u00e9aliser des exercices d'\u00e9criture simples et participer \u00e0 de courts dialogues.<\/p>\n<\/div>\n<\/div>\n<\/div>\n<\/div>\n<\/div>\n\n\n\n<div data-aos= \"slide-up\" data-aos-duration=\"400\" data-aos-delay=\"0\" data-aos-easing=\"ease\" data-aos-once=\"true\" class=\"wp-block-uagb-container uagb-block-7089dbb2\">\n<div class=\"wp-block-uagb-call-to-action uagb-block-f66c69ff wp-block-button\"><div class=\"uagb-cta__wrap\"><h3 class=\"uagb-cta__title\">Prochaine \u00e9tape : Allemand A2<\/h3><p class=\"uagb-cta__desc\">Le certificat Goethe A2 est un examen d'allemand qui exige des comp\u00e9tences linguistiques de base (par exemple, A1). Il confirme...<\/p><\/div><div class=\"uagb-cta__buttons\"><a href=\"https:\/\/talaneco.com\/fr\/home\/german-language-level-a2\/\" class=\"uagb-cta__button-link-wrapper wp-block-button__link\" target=\"_self\" rel=\"noopener noreferrer\">En savoir plus<\/a><\/div><\/div>\n<a class=\"spectra-container-link-overlay\" rel=\"noopener\" href=\"https:\/\/talaneco.com\/fr\/home\/german-language-level-a2\/\"> <\/a><\/div>\n<\/div><\/div>\n\n\n\n<div class=\"wp-block-uagb-container uagb-block-5814f25b alignfull uagb-is-root-container\"><div class=\"uagb-container-inner-blocks-wrap\"><\/div><\/div>","protected":false},"excerpt":{"rendered":"<p>German Language Level A1\u200b Your first steps to learn German Goethe certificate A1 is a German exam which confirms basic language skills on the first level (A1) of the six-level competency scale of the Common European Framework of Reference for Languages (CEFR). In our courses you will build up basic knowledge of the German language [&hellip;]<\/p>","protected":false},"author":1,"featured_media":0,"parent":60,"menu_order":0,"comment_status":"closed","ping_status":"closed","template":"","meta":{"content-type":"","_uag_custom_page_level_css":"","swt_meta_header_display":false,"swt_meta_footer_display":false,"swt_meta_site_title_display":false,"swt_meta_sticky_header":false,"swt_meta_transparent_header":false},"uagb_featured_image_src":{"full":false,"thumbnail":false,"medium":false,"medium_large":false,"large":false,"1536x1536":false,"2048x2048":false,"trp-custom-language-flag":false,"bloom_image":false},"uagb_author_info":{"display_name":"admin","author_link":"https:\/\/talaneco.com\/fr\/author\/admin\/"},"uagb_comment_info":0,"uagb_excerpt":"German Language Level A1\u200b Your first steps to learn German Goethe certificate A1 is a German exam which confirms basic language skills on the first level (A1) of the six-level competency scale of the Common European Framework of Reference for Languages (CEFR). In our courses you will build up basic knowledge of the German language\u2026","_links":{"self":[{"href":"https:\/\/talaneco.com\/fr\/wp-json\/wp\/v2\/pages\/61"}],"collection":[{"href":"https:\/\/talaneco.com\/fr\/wp-json\/wp\/v2\/pages"}],"about":[{"href":"https:\/\/talaneco.com\/fr\/wp-json\/wp\/v2\/types\/page"}],"author":[{"embeddable":true,"href":"https:\/\/talaneco.com\/fr\/wp-json\/wp\/v2\/users\/1"}],"replies":[{"embeddable":true,"href":"https:\/\/talaneco.com\/fr\/wp-json\/wp\/v2\/comments?post=61"}],"version-history":[{"count":123,"href":"https:\/\/talaneco.com\/fr\/wp-json\/wp\/v2\/pages\/61\/revisions"}],"predecessor-version":[{"id":1804,"href":"https:\/\/talaneco.com\/fr\/wp-json\/wp\/v2\/pages\/61\/revisions\/1804"}],"up":[{"embeddable":true,"href":"https:\/\/talaneco.com\/fr\/wp-json\/wp\/v2\/pages\/60"}],"wp:attachment":[{"href":"https:\/\/talaneco.com\/fr\/wp-json\/wp\/v2\/media?parent=61"}],"curies":[{"name":"wp","href":"https:\/\/api.w.org\/{rel}","templated":true}]}}